{"id":26,"date":"2013-09-26T16:07:20","date_gmt":"2013-09-26T16:07:20","guid":{"rendered":"http:\/\/www.rjtc.lv\/?page_id=26"},"modified":"2025-09-05T11:49:46","modified_gmt":"2025-09-05T11:49:46","slug":"citas-nodarbibas","status":"publish","type":"page","link":"https:\/\/www.rjtc.lv\/?page_id=26","title":{"rendered":"CITAS NODARB\u012aBAS"},"content":{"rendered":"<p>Pied\u0101v\u0101jam pulci\u0146us da\u017e\u0101d\u0101m interes\u0113m:<\/p>\n<ul>\n<li><a href=\"https:\/\/www.rjtc.lv\/?page_id=385\">Ang\u013cu valoda<\/a><\/li>\n<li><a href=\"https:\/\/www.rjtc.lv\/?page_id=397\">Pirmsskolas b\u0113rnu est\u0113tikas skola &#8220;Maz\u0101 p\u016bces skola&#8221;<\/a><\/li>\n<li><a href=\"https:\/\/www.rjtc.lv\/?page_id=391\">Br\u012bv\u0101 laika sp\u0113\u013cu istaba<\/a><\/li>\n<\/ul>\n","protected":false},"excerpt":{"rendered":"<p>Pied\u0101v\u0101jam pulci\u0146us da\u017e\u0101d\u0101m interes\u0113m: Ang\u013cu valoda Pirmsskolas b\u0113rnu est\u0113tikas skola &#8220;Maz\u0101 p\u016bces skola&#8221; Br\u012bv\u0101 laika sp\u0113\u013cu istaba<\/p>\n","protected":false},"author":4,"featured_media":0,"parent":0,"menu_order":3,"comment_status":"closed","ping_status":"closed","template":"","meta":{"ngg_post_thumbnail":0,"footnotes":""},"class_list":["post-26","page","type-page","status-publish","hentry"],"_links":{"self":[{"href":"https:\/\/www.rjtc.lv\/index.php?rest_route=\/wp\/v2\/pages\/26","targetHints":{"allow":["GET"]}}],"collection":[{"href":"https:\/\/www.rjtc.lv\/index.php?rest_route=\/wp\/v2\/pages"}],"about":[{"href":"https:\/\/www.rjtc.lv\/index.php?rest_route=\/wp\/v2\/types\/page"}],"author":[{"embeddable":true,"href":"https:\/\/www.rjtc.lv\/index.php?rest_route=\/wp\/v2\/users\/4"}],"replies":[{"embeddable":true,"href":"https:\/\/www.rjtc.lv\/index.php?rest_route=%2Fwp%2Fv2%2Fcomments&post=26"}],"version-history":[{"count":0,"href":"https:\/\/www.rjtc.lv\/index.php?rest_route=\/wp\/v2\/pages\/26\/revisions"}],"wp:attachment":[{"href":"https:\/\/www.rjtc.lv\/index.php?rest_route=%2Fwp%2Fv2%2Fmedia&parent=26"}],"curies":[{"name":"wp","href":"https:\/\/api.w.org\/{rel}","templated":true}]}}