{"id":2420,"date":"2015-08-28T10:39:01","date_gmt":"2015-08-28T10:39:01","guid":{"rendered":"http:\/\/www.rjtc.lv\/?page_id=2420"},"modified":"2026-03-17T14:32:21","modified_gmt":"2026-03-17T14:32:21","slug":"vakances","status":"publish","type":"page","link":"https:\/\/www.rjtc.lv\/?page_id=2420","title":{"rendered":"Vakances"},"content":{"rendered":"<p><strong>MEKL\u0112JAM PEDAGOGUS<\/strong> \u0161\u0101diem pulci\u0146iem:<\/p>\n<ul>\n<li>Jaunie ornitologi<\/li>\n<li>P\u0113ti un eksperiment\u0113<\/li>\n<\/ul>\n<p>Ja v\u0113lies pie mums str\u0101d\u0101t &#8211; gaid\u012bsim CV un motiv\u0101cijas v\u0113stules uz <strong>rjtc@riga.lv<\/strong><\/p>\n","protected":false},"excerpt":{"rendered":"<p>MEKL\u0112JAM PEDAGOGUS \u0161\u0101diem pulci\u0146iem: Jaunie ornitologi P\u0113ti un eksperiment\u0113 Ja v\u0113lies pie mums str\u0101d\u0101t &#8211; gaid\u012bsim CV un motiv\u0101cijas v\u0113stules uz rjtc@riga.lv<\/p>\n","protected":false},"author":4,"featured_media":0,"parent":0,"menu_order":7,"comment_status":"closed","ping_status":"closed","template":"","meta":{"ngg_post_thumbnail":0,"footnotes":""},"class_list":["post-2420","page","type-page","status-publish","hentry"],"_links":{"self":[{"href":"https:\/\/www.rjtc.lv\/index.php?rest_route=\/wp\/v2\/pages\/2420","targetHints":{"allow":["GET"]}}],"collection":[{"href":"https:\/\/www.rjtc.lv\/index.php?rest_route=\/wp\/v2\/pages"}],"about":[{"href":"https:\/\/www.rjtc.lv\/index.php?rest_route=\/wp\/v2\/types\/page"}],"author":[{"embeddable":true,"href":"https:\/\/www.rjtc.lv\/index.php?rest_route=\/wp\/v2\/users\/4"}],"replies":[{"embeddable":true,"href":"https:\/\/www.rjtc.lv\/index.php?rest_route=%2Fwp%2Fv2%2Fcomments&post=2420"}],"version-history":[{"count":1,"href":"https:\/\/www.rjtc.lv\/index.php?rest_route=\/wp\/v2\/pages\/2420\/revisions"}],"predecessor-version":[{"id":11775,"href":"https:\/\/www.rjtc.lv\/index.php?rest_route=\/wp\/v2\/pages\/2420\/revisions\/11775"}],"wp:attachment":[{"href":"https:\/\/www.rjtc.lv\/index.php?rest_route=%2Fwp%2Fv2%2Fmedia&parent=2420"}],"curies":[{"name":"wp","href":"https:\/\/api.w.org\/{rel}","templated":true}]}}