{"id":2078,"date":"2015-01-30T11:56:36","date_gmt":"2015-01-30T11:56:36","guid":{"rendered":"http:\/\/www.rjtc.lv\/?page_id=2078"},"modified":"2026-05-14T15:47:47","modified_gmt":"2026-05-14T15:47:47","slug":"stundu-saraksts","status":"publish","type":"page","link":"https:\/\/www.rjtc.lv\/?page_id=2078","title":{"rendered":"Nodarb\u012bbu laiki"},"content":{"rendered":"\n<p><a href=\"https:\/\/www.rjtc.lv\/wp-content\/uploads\/2026\/02\/RJTC-23.02.2026.pdf\">Bauskas iela 88<\/a><\/p>\n\n\n\n<p><a href=\"https:\/\/www.rjtc.lv\/wp-content\/uploads\/2026\/02\/Ernestines-iela-16.02.2026.pdf\">Ernest\u012bnes iela 8a<\/a><\/p>\n\n\n\n<p class=\"has-text-align-center\"><mark style=\"background-color:rgba(0, 0, 0, 0)\" class=\"has-inline-color has-vivid-cyan-blue-color\"><strong>IZMAI\u0145AS<\/strong> <strong>BAUSKAS IEL\u0100 88<\/strong><\/mark><\/p>\n\n\n\n<p>11.05. &#8211; 15.05.2026. <strong><mark style=\"background-color:rgba(0, 0, 0, 0)\" class=\"has-inline-color has-vivid-red-color\">NENOTIEK<\/mark><\/strong> <strong>MINECRAFT EDUCATION<\/strong> pie skolot\u0101ja <em>Audrjus Dargis<\/em><\/p>\n\n\n\n<p>15.05.2026. <strong><mark style=\"background-color:rgba(0, 0, 0, 0)\" class=\"has-inline-color has-vivid-red-color\">NENOTIEK<\/mark><\/strong> <strong>ARDUINO<\/strong> un <strong>ROBOTIKA<\/strong> pie skolot\u0101jas <em>Krist\u012bnes Mi\u010dules<\/em><\/p>\n\n\n\n<p>15.05.2026. <strong><mark style=\"background-color:rgba(0, 0, 0, 0)\" class=\"has-inline-color has-vivid-red-color\">NENOTIEK<\/mark><\/strong> <strong>TEIKVANDO<\/strong> pie skolot\u0101ja <em><em>Sandra Radzi\u0146a<\/em><\/em><\/p>\n\n\n\n<p>15.05.2026. <strong><mark style=\"background-color:rgba(0, 0, 0, 0)\" class=\"has-inline-color has-vivid-red-color\">NENOTIEK<\/mark> LIDMODELISMS<\/strong> pie skolot\u0101ja <em><em>Viktora Ro\u0161onoka<\/em><\/em><\/p>\n\n\n\n<p>15.05.2026. <strong>FLORBOLS<\/strong> z\u0113niem pie skolot\u0101ja <em>Kristena Rube\u0146a<\/em> notiek <strong><mark style=\"background-color:rgba(0, 0, 0, 0)\" class=\"has-inline-color has-vivid-green-cyan-color\">19.00 &#8211; 20.00<\/mark><\/strong><\/p>\n\n\n\n<p>18.05. &#8211; 22.05. 2026. <strong><mark style=\"background-color:rgba(0, 0, 0, 0)\" class=\"has-inline-color has-vivid-red-color\">NENOTIEK<\/mark> <\/strong>pulci\u0146\u0161 <strong>NETRADICION\u0100LIE ROKDARBI<\/strong> pie skolot\u0101jas <em>Daces Gailes<\/em><\/p>\n\n\n\n<p><strong><mark style=\"background-color:rgba(0, 0, 0, 0)\" class=\"has-inline-color has-vivid-green-cyan-color\">P\u0100RCELTA<\/mark> KU\u0122U MODELISMA<\/strong> nodarb\u012bba no 19.05.2026. uz <mark style=\"background-color:rgba(0, 0, 0, 0)\" class=\"has-inline-color has-vivid-green-cyan-color\"><strong>15.05.2026.<\/strong><\/mark><\/p>\n\n\n\n<p><strong><mark style=\"background-color:rgba(0, 0, 0, 0)\" class=\"has-inline-color has-vivid-green-cyan-color\">P\u0100RCELTA<\/mark> KU\u0122U MODELISMA<\/strong> nodarb\u012bba no 20.05.2026. uz <mark style=\"background-color:rgba(0, 0, 0, 0)\" class=\"has-inline-color has-vivid-green-cyan-color\"><strong>25.05.2026.<\/strong><\/mark><\/p>\n\n\n\n<p><strong><mark style=\"background-color:rgba(0, 0, 0, 0)\" class=\"has-inline-color has-vivid-green-cyan-color\">P\u0100RCELTA<\/mark> KU\u0122U MODELISMA<\/strong> nodarb\u012bba no 21.05.2026. uz <mark style=\"background-color:rgba(0, 0, 0, 0)\" class=\"has-inline-color has-vivid-green-cyan-color\"><strong>29.05.2026.<\/strong><\/mark><\/p>\n\n\n\n<p>22.05.2026. <strong><mark style=\"background-color:rgba(0, 0, 0, 0)\" class=\"has-inline-color has-vivid-red-color\">NENOTIEK<\/mark> <\/strong>pulci\u0146\u0161 <strong>M\u0100COS DZ\u012aVOT VESEL\u012aGI<\/strong> pie skolot\u0101jas <em>El\u012bzas Elizabetes Rogas<\/em><\/p>\n\n\n\n<p>28.maij\u0101 BAUSKAS IEL\u0100 88 pulci\u0146i <strong><mark style=\"background-color:rgba(0, 0, 0, 0)\" class=\"has-inline-color has-vivid-red-color\">NENOTIEK <\/mark><\/strong>&#8211; VISI M\u012a\u013bI AICIN\u0100TI uz <strong><mark style=\"background-color:rgba(0, 0, 0, 0)\" class=\"has-inline-color has-vivid-purple-color\">PIEKALN\u012aTES SV\u0112TKIEM!<\/mark><\/strong><\/p>\n\n\n\n<p>29.05.2026. <strong><mark style=\"background-color:rgba(0, 0, 0, 0)\" class=\"has-inline-color has-vivid-red-color\">NENOTIEK<\/mark> LIDMODELISMS<\/strong> pie skolot\u0101ja <em><em>Sergeja Timofejeva<\/em><\/em><\/p>\n\n\n\n<p>30.05. 2026. <strong><mark style=\"background-color:rgba(0, 0, 0, 0)\" class=\"has-inline-color has-vivid-red-color\">NENOTIEK<\/mark> <\/strong> <strong>\u0160AHA <\/strong>pulci\u0146\u0161 pie skolot\u0101jas <em>Nellijas Maklakovas<\/em><\/p>\n\n\n\n<p class=\"has-text-align-center\"><strong><mark style=\"background-color:rgba(0, 0, 0, 0)\" class=\"has-inline-color has-vivid-green-cyan-color\">IZMAI\u0145AS ERNEST\u012aNES IEL\u0100 8A<\/mark><\/strong><\/p>\n\n\n\n<p>No 7.05. &#8211; 16.05.2026. <strong><mark style=\"background-color:rgba(0, 0, 0, 0)\" class=\"has-inline-color has-vivid-red-color\">NENOTIEK <\/mark>FLORISTIKA<\/strong> un <strong>LEGO <\/strong>pie skolot\u0101jas <em>Ed\u012btes Kr\u0113sli\u0146as<\/em><\/p>\n\n\n\n<p>15.05.2026. <strong><mark style=\"background-color:rgba(0, 0, 0, 0)\" class=\"has-inline-color has-vivid-red-color\">NENOTIEK<\/mark><\/strong> pulci\u0146i pie skolot\u0101jas <em><em>Lilitas Svir\u017eevskas<\/em><\/em><\/p>\n\n\n\n<p>21.maij\u0101 ERNEST\u012aNES IEL\u0100 8A nodarb\u012bbas <strong><mark style=\"background-color:rgba(0, 0, 0, 0)\" class=\"has-inline-color has-vivid-red-color\">NENOTIEK<\/mark><\/strong> &#8211; VISI M\u012a\u013bI AICIN\u0100TI uz pas\u0101kumu <strong><mark style=\"background-color:rgba(0, 0, 0, 0)\" class=\"has-inline-color has-luminous-vivid-orange-color\">ERNEST\u012aNES IELAS SV\u0112TKI &#8211; STEAM PILS\u0112TAS EKOSIST\u0112M\u0100<\/mark><\/strong><\/p>\n\n\n\n<p class=\"has-text-align-center\"><strong><mark style=\"background-color:rgba(0, 0, 0, 0)\" class=\"has-inline-color has-vivid-purple-color\">AKTUALIT\u0100TES!<\/mark><\/strong><\/p>\n\n\n<div class=\"wp-block-image\">\n<figure class=\"aligncenter size-large\"><a href=\"https:\/\/www.rjtc.lv\/wp-content\/uploads\/2026\/05\/ernestines_plakats_publ.png\"><img loading=\"lazy\" decoding=\"async\" width=\"662\" height=\"1024\" src=\"https:\/\/www.rjtc.lv\/wp-content\/uploads\/2026\/05\/ernestines_plakats_publ-662x1024.png\" alt=\"\" class=\"wp-image-12053\" srcset=\"https:\/\/www.rjtc.lv\/wp-content\/uploads\/2026\/05\/ernestines_plakats_publ-662x1024.png 662w, https:\/\/www.rjtc.lv\/wp-content\/uploads\/2026\/05\/ernestines_plakats_publ-194x300.png 194w, https:\/\/www.rjtc.lv\/wp-content\/uploads\/2026\/05\/ernestines_plakats_publ-768x1188.png 768w, https:\/\/www.rjtc.lv\/wp-content\/uploads\/2026\/05\/ernestines_plakats_publ-993x1536.png 993w, https:\/\/www.rjtc.lv\/wp-content\/uploads\/2026\/05\/ernestines_plakats_publ-1324x2048.png 1324w, https:\/\/www.rjtc.lv\/wp-content\/uploads\/2026\/05\/ernestines_plakats_publ.png 1466w\" sizes=\"auto, (max-width: 662px) 100vw, 662px\" \/><\/a><\/figure>\n<\/div>\n\n\n<figure class=\"wp-block-image size-large\"><a href=\"https:\/\/www.rjtc.lv\/wp-content\/uploads\/2026\/04\/Piekalnites-svetki-2026.jpg\"><img loading=\"lazy\" decoding=\"async\" width=\"1024\" height=\"724\" src=\"https:\/\/www.rjtc.lv\/wp-content\/uploads\/2026\/04\/Piekalnites-svetki-2026-1024x724.jpg\" alt=\"\" class=\"wp-image-12009\" srcset=\"https:\/\/www.rjtc.lv\/wp-content\/uploads\/2026\/04\/Piekalnites-svetki-2026-1024x724.jpg 1024w, https:\/\/www.rjtc.lv\/wp-content\/uploads\/2026\/04\/Piekalnites-svetki-2026-300x212.jpg 300w, https:\/\/www.rjtc.lv\/wp-content\/uploads\/2026\/04\/Piekalnites-svetki-2026-768x543.jpg 768w, https:\/\/www.rjtc.lv\/wp-content\/uploads\/2026\/04\/Piekalnites-svetki-2026-1536x1086.jpg 1536w, https:\/\/www.rjtc.lv\/wp-content\/uploads\/2026\/04\/Piekalnites-svetki-2026.jpg 2000w\" sizes=\"auto, (max-width: 1024px) 100vw, 1024px\" \/><\/a><\/figure>\n\n\n<div class=\"wp-block-image\">\n<figure class=\"aligncenter size-large\"><a href=\"https:\/\/www.rjtc.lv\/wp-content\/uploads\/2026\/05\/Kursi-Rigas-Interesu-izglitibas-pedagogiem-2026.jpg\"><img loading=\"lazy\" decoding=\"async\" width=\"724\" height=\"1024\" src=\"https:\/\/www.rjtc.lv\/wp-content\/uploads\/2026\/05\/Kursi-Rigas-Interesu-izglitibas-pedagogiem-2026-724x1024.jpg\" alt=\"\" class=\"wp-image-12105\" srcset=\"https:\/\/www.rjtc.lv\/wp-content\/uploads\/2026\/05\/Kursi-Rigas-Interesu-izglitibas-pedagogiem-2026-724x1024.jpg 724w, https:\/\/www.rjtc.lv\/wp-content\/uploads\/2026\/05\/Kursi-Rigas-Interesu-izglitibas-pedagogiem-2026-212x300.jpg 212w, https:\/\/www.rjtc.lv\/wp-content\/uploads\/2026\/05\/Kursi-Rigas-Interesu-izglitibas-pedagogiem-2026-768x1086.jpg 768w, https:\/\/www.rjtc.lv\/wp-content\/uploads\/2026\/05\/Kursi-Rigas-Interesu-izglitibas-pedagogiem-2026-1086x1536.jpg 1086w, https:\/\/www.rjtc.lv\/wp-content\/uploads\/2026\/05\/Kursi-Rigas-Interesu-izglitibas-pedagogiem-2026.jpg 1414w\" sizes=\"auto, (max-width: 724px) 100vw, 724px\" \/><\/a><\/figure>\n<\/div>\n\n<div class=\"wp-block-image\">\n<figure class=\"aligncenter size-large\"><a href=\"https:\/\/www.rjtc.lv\/wp-content\/uploads\/2026\/03\/ornitologi_plakats.png\"><img loading=\"lazy\" decoding=\"async\" width=\"724\" height=\"1024\" src=\"https:\/\/www.rjtc.lv\/wp-content\/uploads\/2026\/03\/ornitologi_plakats-724x1024.png\" alt=\"\" class=\"wp-image-11660\" srcset=\"https:\/\/www.rjtc.lv\/wp-content\/uploads\/2026\/03\/ornitologi_plakats-724x1024.png 724w, https:\/\/www.rjtc.lv\/wp-content\/uploads\/2026\/03\/ornitologi_plakats-212x300.png 212w, https:\/\/www.rjtc.lv\/wp-content\/uploads\/2026\/03\/ornitologi_plakats-768x1086.png 768w, https:\/\/www.rjtc.lv\/wp-content\/uploads\/2026\/03\/ornitologi_plakats-1086x1536.png 1086w, https:\/\/www.rjtc.lv\/wp-content\/uploads\/2026\/03\/ornitologi_plakats-1448x2048.png 1448w, https:\/\/www.rjtc.lv\/wp-content\/uploads\/2026\/03\/ornitologi_plakats.png 1587w\" sizes=\"auto, (max-width: 724px) 100vw, 724px\" \/><\/a><\/figure>\n<\/div>","protected":false},"excerpt":{"rendered":"<p>Bauskas iela 88 Ernest\u012bnes iela 8a IZMAI\u0145AS BAUSKAS IEL\u0100 88 11.05. &#8211; 15.05.2026. NENOTIEK MINECRAFT EDUCATION pie skolot\u0101ja Audrjus Dargis 15.05.2026. NENOTIEK ARDUINO un ROBOTIKA pie skolot\u0101jas Krist\u012bnes Mi\u010dules 15.05.2026. NENOTIEK TEIKVANDO pie skolot\u0101ja Sandra Radzi\u0146a 15.05.2026. NENOTIEK LIDMODELISMS pie skolot\u0101ja Viktora Ro\u0161onoka 15.05.2026. FLORBOLS z\u0113niem pie skolot\u0101ja Kristena Rube\u0146a notiek 19.00 &#8211; 20.00 18.05. [&hellip;]<\/p>\n","protected":false},"author":4,"featured_media":0,"parent":0,"menu_order":0,"comment_status":"closed","ping_status":"closed","template":"","meta":{"ngg_post_thumbnail":0,"footnotes":""},"class_list":["post-2078","page","type-page","status-publish","hentry"],"_links":{"self":[{"href":"https:\/\/www.rjtc.lv\/index.php?rest_route=\/wp\/v2\/pages\/2078","targetHints":{"allow":["GET"]}}],"collection":[{"href":"https:\/\/www.rjtc.lv\/index.php?rest_route=\/wp\/v2\/pages"}],"about":[{"href":"https:\/\/www.rjtc.lv\/index.php?rest_route=\/wp\/v2\/types\/page"}],"author":[{"embeddable":true,"href":"https:\/\/www.rjtc.lv\/index.php?rest_route=\/wp\/v2\/users\/4"}],"replies":[{"embeddable":true,"href":"https:\/\/www.rjtc.lv\/index.php?rest_route=%2Fwp%2Fv2%2Fcomments&post=2078"}],"version-history":[{"count":40,"href":"https:\/\/www.rjtc.lv\/index.php?rest_route=\/wp\/v2\/pages\/2078\/revisions"}],"predecessor-version":[{"id":12106,"href":"https:\/\/www.rjtc.lv\/index.php?rest_route=\/wp\/v2\/pages\/2078\/revisions\/12106"}],"wp:attachment":[{"href":"https:\/\/www.rjtc.lv\/index.php?rest_route=%2Fwp%2Fv2%2Fmedia&parent=2078"}],"curies":[{"name":"wp","href":"https:\/\/api.w.org\/{rel}","templated":true}]}}