{"id":20,"date":"2013-09-26T16:05:52","date_gmt":"2013-09-26T16:05:52","guid":{"rendered":"http:\/\/www.rjtc.lv\/?page_id=20"},"modified":"2024-08-13T13:37:22","modified_gmt":"2024-08-13T13:37:22","slug":"kartings","status":"publish","type":"page","link":"https:\/\/www.rjtc.lv\/?page_id=20","title":{"rendered":"Kartings"},"content":{"rendered":"<p>Skolot\u0101js: <strong>Darjus Dargis<\/strong><\/p>\n<p>Apg\u016bst &nbsp;virpo\u0161anas, met\u0101la apstr\u0101des pamatus; vingrin\u0101s dzin\u0113ja remontdarbos, apg\u016bst t\u0101 uzb\u016bves un darb\u012bbas principus. G\u016bst praktisk\u0101s brauk\u0161anas iema\u0146as ar kartingu.<\/p>\n<p>Uz\u0146em dal\u012bbniekus no <strong>7&nbsp; &#8211; 18 gadiem<\/strong><\/p>\n<p>Nodarb\u012bbas notiek<strong> Bauskas iel\u0101 88, 101.kabinet\u0101<\/strong><\/p>\n<p>Pieteik\u0161an\u0101s nodarb\u012bb\u0101m \u2013 <strong>ddargis@edu.riga.lv<\/strong><\/p>\n<p>&nbsp;<\/p>\n<p><a href=\"http:\/\/www.rjtc.lv\/wp-content\/uploads\/2013\/12\/1094.jpg\"><img loading=\"lazy\" decoding=\"async\" class=\"alignnone wp-image-329 size-full\" src=\"http:\/\/www.rjtc.lv\/wp-content\/uploads\/2013\/12\/1094.jpg\" alt=\"kartings_austris_cers\" width=\"1000\" height=\"667\" srcset=\"https:\/\/www.rjtc.lv\/wp-content\/uploads\/2013\/12\/1094.jpg 1000w, https:\/\/www.rjtc.lv\/wp-content\/uploads\/2013\/12\/1094-300x200.jpg 300w, https:\/\/www.rjtc.lv\/wp-content\/uploads\/2013\/12\/1094-321x214.jpg 321w, https:\/\/www.rjtc.lv\/wp-content\/uploads\/2013\/12\/1094-140x94.jpg 140w\" sizes=\"auto, (max-width: 1000px) 100vw, 1000px\" \/><\/a><\/p>\n<p>&nbsp;<\/p>\n","protected":false},"excerpt":{"rendered":"<p>Skolot\u0101js: Darjus Dargis Apg\u016bst &nbsp;virpo\u0161anas, met\u0101la apstr\u0101des pamatus; vingrin\u0101s dzin\u0113ja remontdarbos, apg\u016bst t\u0101 uzb\u016bves un darb\u012bbas principus. G\u016bst praktisk\u0101s brauk\u0161anas iema\u0146as ar kartingu. Uz\u0146em dal\u012bbniekus no 7&nbsp; &#8211; 18 gadiem Nodarb\u012bbas notiek Bauskas iel\u0101 88, 101.kabinet\u0101 Pieteik\u0161an\u0101s nodarb\u012bb\u0101m \u2013 ddargis@edu.riga.lv &nbsp; &nbsp;<\/p>\n","protected":false},"author":4,"featured_media":329,"parent":282,"menu_order":0,"comment_status":"open","ping_status":"open","template":"","meta":{"ngg_post_thumbnail":0,"footnotes":""},"class_list":["post-20","page","type-page","status-publish","has-post-thumbnail","hentry"],"_links":{"self":[{"href":"https:\/\/www.rjtc.lv\/index.php?rest_route=\/wp\/v2\/pages\/20","targetHints":{"allow":["GET"]}}],"collection":[{"href":"https:\/\/www.rjtc.lv\/index.php?rest_route=\/wp\/v2\/pages"}],"about":[{"href":"https:\/\/www.rjtc.lv\/index.php?rest_route=\/wp\/v2\/types\/page"}],"author":[{"embeddable":true,"href":"https:\/\/www.rjtc.lv\/index.php?rest_route=\/wp\/v2\/users\/4"}],"replies":[{"embeddable":true,"href":"https:\/\/www.rjtc.lv\/index.php?rest_route=%2Fwp%2Fv2%2Fcomments&post=20"}],"version-history":[{"count":0,"href":"https:\/\/www.rjtc.lv\/index.php?rest_route=\/wp\/v2\/pages\/20\/revisions"}],"up":[{"embeddable":true,"href":"https:\/\/www.rjtc.lv\/index.php?rest_route=\/wp\/v2\/pages\/282"}],"wp:featuredmedia":[{"embeddable":true,"href":"https:\/\/www.rjtc.lv\/index.php?rest_route=\/wp\/v2\/media\/329"}],"wp:attachment":[{"href":"https:\/\/www.rjtc.lv\/index.php?rest_route=%2Fwp%2Fv2%2Fmedia&parent=20"}],"curies":[{"name":"wp","href":"https:\/\/api.w.org\/{rel}","templated":true}]}}