{"id":197,"date":"2013-12-09T11:15:48","date_gmt":"2013-12-09T11:15:48","guid":{"rendered":"http:\/\/www.rjtc.lv\/?page_id=197"},"modified":"2025-09-16T08:42:30","modified_gmt":"2025-09-16T08:42:30","slug":"rotalu-dejas","status":"publish","type":"page","link":"https:\/\/www.rjtc.lv\/?page_id=197","title":{"rendered":"Pirmsskolas deju pulci\u0146\u0161 &#8220;SAUL\u012aTE&#8221;"},"content":{"rendered":"<p>Skolot\u0101ja: <strong>Uva Egl\u012bte<\/strong><\/p>\n<p>Pulci\u0146\u0101 b\u0113rni apg\u016bst rota\u013cas, dejas, rota\u013cdejas, si\u017eetisk\u0101s dejas. Att\u012bsta audz\u0113k\u0146u visp\u0101r\u0113jo fizisko sagatavot\u012bbu un sp\u0113jas, veicina pareizu st\u0101jas veido\u0161anos. Att\u012bsta dom\u0101\u0161anu, muzikalit\u0101ti, ritma izj\u016btu. B\u0113rni uzst\u0101jas da\u017e\u0101dos pas\u0101kumos, kur ieg\u016bst prasmi orient\u0113ties telp\u0101 un uzst\u0101ties uz skatuves. Koncert\u0113 R\u012bgas Jauno tehni\u0137u centra r\u012bkotajos pas\u0101kumos.<\/p>\n<p>Uz\u0146em dal\u012bbniekus no <strong>3 l\u012bdz 7 gadiem.<\/strong><\/p>\n<div align=\"left\">&nbsp;<strong>306. kabinets, aktu z\u0101le<\/strong><\/div>\n<div align=\"left\">&nbsp;<\/div>\n<div align=\"left\">Pieteik\u0161an\u0101s: <strong>egliteuva@gmail.com<\/strong><\/div>\n\n\n<figure class=\"wp-block-image size-full\"><a href=\"https:\/\/www.rjtc.lv\/wp-content\/uploads\/2022\/08\/Piekalnites-svetki-2022.jpeg\"><img loading=\"lazy\" decoding=\"async\" width=\"1024\" height=\"811\" src=\"https:\/\/www.rjtc.lv\/wp-content\/uploads\/2022\/08\/Piekalnites-svetki-2022.jpeg\" alt=\"\" class=\"wp-image-6384\" srcset=\"https:\/\/www.rjtc.lv\/wp-content\/uploads\/2022\/08\/Piekalnites-svetki-2022.jpeg 1024w, https:\/\/www.rjtc.lv\/wp-content\/uploads\/2022\/08\/Piekalnites-svetki-2022-300x238.jpeg 300w, https:\/\/www.rjtc.lv\/wp-content\/uploads\/2022\/08\/Piekalnites-svetki-2022-768x608.jpeg 768w\" sizes=\"auto, (max-width: 1024px) 100vw, 1024px\" \/><\/a><\/figure>\n","protected":false},"excerpt":{"rendered":"<p>Skolot\u0101ja: Uva Egl\u012bte Pulci\u0146\u0101 b\u0113rni apg\u016bst rota\u013cas, dejas, rota\u013cdejas, si\u017eetisk\u0101s dejas. Att\u012bsta audz\u0113k\u0146u visp\u0101r\u0113jo fizisko sagatavot\u012bbu un sp\u0113jas, veicina pareizu st\u0101jas veido\u0161anos. Att\u012bsta dom\u0101\u0161anu, muzikalit\u0101ti, ritma izj\u016btu. B\u0113rni uzst\u0101jas da\u017e\u0101dos pas\u0101kumos, kur ieg\u016bst prasmi orient\u0113ties telp\u0101 un uzst\u0101ties uz skatuves. Koncert\u0113 R\u012bgas Jauno tehni\u0137u centra r\u012bkotajos pas\u0101kumos. Uz\u0146em dal\u012bbniekus no 3 l\u012bdz 7 gadiem. &nbsp;306. [&hellip;]<\/p>\n","protected":false},"author":4,"featured_media":6384,"parent":8,"menu_order":0,"comment_status":"closed","ping_status":"closed","template":"","meta":{"ngg_post_thumbnail":0,"footnotes":""},"class_list":["post-197","page","type-page","status-publish","has-post-thumbnail","hentry"],"_links":{"self":[{"href":"https:\/\/www.rjtc.lv\/index.php?rest_route=\/wp\/v2\/pages\/197","targetHints":{"allow":["GET"]}}],"collection":[{"href":"https:\/\/www.rjtc.lv\/index.php?rest_route=\/wp\/v2\/pages"}],"about":[{"href":"https:\/\/www.rjtc.lv\/index.php?rest_route=\/wp\/v2\/types\/page"}],"author":[{"embeddable":true,"href":"https:\/\/www.rjtc.lv\/index.php?rest_route=\/wp\/v2\/users\/4"}],"replies":[{"embeddable":true,"href":"https:\/\/www.rjtc.lv\/index.php?rest_route=%2Fwp%2Fv2%2Fcomments&post=197"}],"version-history":[{"count":0,"href":"https:\/\/www.rjtc.lv\/index.php?rest_route=\/wp\/v2\/pages\/197\/revisions"}],"up":[{"embeddable":true,"href":"https:\/\/www.rjtc.lv\/index.php?rest_route=\/wp\/v2\/pages\/8"}],"wp:featuredmedia":[{"embeddable":true,"href":"https:\/\/www.rjtc.lv\/index.php?rest_route=\/wp\/v2\/media\/6384"}],"wp:attachment":[{"href":"https:\/\/www.rjtc.lv\/index.php?rest_route=%2Fwp%2Fv2%2Fmedia&parent=197"}],"curies":[{"name":"wp","href":"https:\/\/api.w.org\/{rel}","templated":true}]}}