{"id":188,"date":"2013-12-09T11:01:39","date_gmt":"2013-12-09T11:01:39","guid":{"rendered":"http:\/\/www.rjtc.lv\/?page_id=188"},"modified":"2025-09-16T11:08:13","modified_gmt":"2025-09-16T11:08:13","slug":"188-2","status":"publish","type":"page","link":"https:\/\/www.rjtc.lv\/?page_id=188","title":{"rendered":"Foto"},"content":{"rendered":"<div align=\"left\">&nbsp;<\/div>\n<div align=\"left\">Skolot\u0101ja: <b>Inga Nestere<\/b><\/div>\n<div align=\"left\">&nbsp;<\/div>\n<div align=\"left\">\n<p data-start=\"0\" data-end=\"214\">Foto pulci\u0146\u0101 b\u0113rni un jaunie\u0161i apg\u016bst fotogr\u0101fijas pamatus, att\u012bsta rado\u0161o redz\u0113jumu, m\u0101c\u0101s, k\u0101 st\u0101st\u012bt st\u0101stus ar att\u0113lu, k\u0101 ar\u012b iepaz\u012bst gan tehnisko, gan m\u0101ksliniecisko fotogr\u0101fijas pusi.<\/p>\n<p data-start=\"216\" data-end=\"342\">Tas ir rado\u0161s un praktisks pulci\u0146\u0161, kur\u0101 galvenais m\u0113r\u0137is ir att\u012bst\u012bt sp\u0113ju redz\u0113t un iem\u016b\u017ein\u0101t pasauli interesant\u0101 veid\u0101.<\/p>\n<\/div>\n\n\n<p>Uz\u0146em dal\u012bbniekus no <strong>7&nbsp;\u2013 25 gadiem. <\/strong><\/p>\n\n\n\n<p>Nodarb\u012bbas notiek <strong>Bauskas iel\u0101 88, 412.<\/strong> <strong>kabinet\u0101<\/strong><\/p>\n\n\n\n<p><strong>Pirmdien\u0101s: 15.00 &#8211; 17.05 un 17.15 &#8211; 18.35<br>Ceturtdien\u0101s: 18.00 &#8211; 18.40 un 18.50 &#8211; 19.30<\/strong><br>Pieteik\u0161an\u0101s nodarb\u012bb\u0101m kl\u0101tien\u0113 nodarb\u012bbu laikos vai pa e pastu:\u00a0<strong>inga.nestere@gmail.com<\/strong><\/p>\n","protected":false},"excerpt":{"rendered":"<p>&nbsp; Skolot\u0101ja: Inga Nestere &nbsp; Foto pulci\u0146\u0101 b\u0113rni un jaunie\u0161i apg\u016bst fotogr\u0101fijas pamatus, att\u012bsta rado\u0161o redz\u0113jumu, m\u0101c\u0101s, k\u0101 st\u0101st\u012bt st\u0101stus ar att\u0113lu, k\u0101 ar\u012b iepaz\u012bst gan tehnisko, gan m\u0101ksliniecisko fotogr\u0101fijas pusi. Tas ir rado\u0161s un praktisks pulci\u0146\u0161, kur\u0101 galvenais m\u0113r\u0137is ir att\u012bst\u012bt sp\u0113ju redz\u0113t un iem\u016b\u017ein\u0101t pasauli interesant\u0101 veid\u0101. Uz\u0146em dal\u012bbniekus no 7&nbsp;\u2013 25 gadiem. [&hellip;]<\/p>\n","protected":false},"author":4,"featured_media":8901,"parent":8,"menu_order":0,"comment_status":"closed","ping_status":"open","template":"","meta":{"ngg_post_thumbnail":0,"footnotes":""},"class_list":["post-188","page","type-page","status-publish","has-post-thumbnail","hentry"],"_links":{"self":[{"href":"https:\/\/www.rjtc.lv\/index.php?rest_route=\/wp\/v2\/pages\/188","targetHints":{"allow":["GET"]}}],"collection":[{"href":"https:\/\/www.rjtc.lv\/index.php?rest_route=\/wp\/v2\/pages"}],"about":[{"href":"https:\/\/www.rjtc.lv\/index.php?rest_route=\/wp\/v2\/types\/page"}],"author":[{"embeddable":true,"href":"https:\/\/www.rjtc.lv\/index.php?rest_route=\/wp\/v2\/users\/4"}],"replies":[{"embeddable":true,"href":"https:\/\/www.rjtc.lv\/index.php?rest_route=%2Fwp%2Fv2%2Fcomments&post=188"}],"version-history":[{"count":0,"href":"https:\/\/www.rjtc.lv\/index.php?rest_route=\/wp\/v2\/pages\/188\/revisions"}],"up":[{"embeddable":true,"href":"https:\/\/www.rjtc.lv\/index.php?rest_route=\/wp\/v2\/pages\/8"}],"wp:featuredmedia":[{"embeddable":true,"href":"https:\/\/www.rjtc.lv\/index.php?rest_route=\/wp\/v2\/media\/8901"}],"wp:attachment":[{"href":"https:\/\/www.rjtc.lv\/index.php?rest_route=%2Fwp%2Fv2%2Fmedia&parent=188"}],"curies":[{"name":"wp","href":"https:\/\/api.w.org\/{rel}","templated":true}]}}