{"id":181,"date":"2013-12-09T10:52:57","date_gmt":"2013-12-09T10:52:57","guid":{"rendered":"http:\/\/www.rjtc.lv\/?page_id=181"},"modified":"2024-09-16T12:22:07","modified_gmt":"2024-09-16T12:22:07","slug":"aksesuaru-pasaule","status":"publish","type":"page","link":"https:\/\/www.rjtc.lv\/?page_id=181","title":{"rendered":"Konstru\u0113\u0161anas dizaina darbn\u012bca &#8211; rota\u013clietas"},"content":{"rendered":"<p>Skolot\u0101ja: <strong>Anita Z\u012bverte<\/strong><\/p>\n<p>Pulci\u0146\u0101 var:<\/p>\n<ul>\n<li>var str\u0101d\u0101t ar da\u017e\u0101diem materi\u0101liem &#8211; audumu, \u0101du, dziju, plastiku, pap\u012bru u. c.<\/li>\n<li>apgleznot stiklu un audumu<\/li>\n<li>\u0161\u016bt, iz\u0161\u016bt, filc\u0113t, l\u012bm\u0113t un v\u0113rt<\/li>\n<li>izgatavot ap\u0123\u0113rba aksesu\u0101rus &#8211; krelles, piespraudes, \u0161alles, somi\u0146as u.c.<\/li>\n<li>izgatavot interjera aksesu\u0101rus- spilvenus, rota\u013clietas, m\u0101ksl\u012bgos ziedus u.c.<\/li>\n<\/ul>\n<p>Uz\u0146em audz\u0113k\u0146us no <strong>6 &#8211;&nbsp; 18 gadiem.<\/strong><\/p>\n<p>Nodarb\u012bbas notiek<strong> Bauskas iel\u0101 88, 401. kabinet\u0101<\/strong><\/p>\n<p>Pieteik\u0161an\u0101s nodarb\u012bb\u0101m &#8211; <strong>aziverte@edu.riga.lv<\/strong><\/p>\n<p>&nbsp;<\/p>\n<p><a href=\"http:\/\/www.rjtc.lv\/wp-content\/uploads\/2013\/12\/bildes_rjtc.jpg\"><img loading=\"lazy\" decoding=\"async\" class=\"alignnone size-large wp-image-182\" src=\"http:\/\/www.rjtc.lv\/wp-content\/uploads\/2013\/12\/bildes_rjtc-1024x724.jpg\" alt=\"bildes_rjtc\" width=\"838\" height=\"592\" srcset=\"https:\/\/www.rjtc.lv\/wp-content\/uploads\/2013\/12\/bildes_rjtc-1024x724.jpg 1024w, https:\/\/www.rjtc.lv\/wp-content\/uploads\/2013\/12\/bildes_rjtc-300x212.jpg 300w\" sizes=\"auto, (max-width: 838px) 100vw, 838px\" \/><\/a><\/p>\n","protected":false},"excerpt":{"rendered":"<p>Skolot\u0101ja: Anita Z\u012bverte Pulci\u0146\u0101 var: var str\u0101d\u0101t ar da\u017e\u0101diem materi\u0101liem &#8211; audumu, \u0101du, dziju, plastiku, pap\u012bru u. c. apgleznot stiklu un audumu \u0161\u016bt, iz\u0161\u016bt, filc\u0113t, l\u012bm\u0113t un v\u0113rt izgatavot ap\u0123\u0113rba aksesu\u0101rus &#8211; krelles, piespraudes, \u0161alles, somi\u0146as u.c. izgatavot interjera aksesu\u0101rus- spilvenus, rota\u013clietas, m\u0101ksl\u012bgos ziedus u.c. Uz\u0146em audz\u0113k\u0146us no 6 &#8211;&nbsp; 18 gadiem. Nodarb\u012bbas notiek Bauskas [&hellip;]<\/p>\n","protected":false},"author":4,"featured_media":182,"parent":282,"menu_order":0,"comment_status":"closed","ping_status":"closed","template":"","meta":{"ngg_post_thumbnail":0,"footnotes":""},"class_list":["post-181","page","type-page","status-publish","has-post-thumbnail","hentry"],"_links":{"self":[{"href":"https:\/\/www.rjtc.lv\/index.php?rest_route=\/wp\/v2\/pages\/181","targetHints":{"allow":["GET"]}}],"collection":[{"href":"https:\/\/www.rjtc.lv\/index.php?rest_route=\/wp\/v2\/pages"}],"about":[{"href":"https:\/\/www.rjtc.lv\/index.php?rest_route=\/wp\/v2\/types\/page"}],"author":[{"embeddable":true,"href":"https:\/\/www.rjtc.lv\/index.php?rest_route=\/wp\/v2\/users\/4"}],"replies":[{"embeddable":true,"href":"https:\/\/www.rjtc.lv\/index.php?rest_route=%2Fwp%2Fv2%2Fcomments&post=181"}],"version-history":[{"count":0,"href":"https:\/\/www.rjtc.lv\/index.php?rest_route=\/wp\/v2\/pages\/181\/revisions"}],"up":[{"embeddable":true,"href":"https:\/\/www.rjtc.lv\/index.php?rest_route=\/wp\/v2\/pages\/282"}],"wp:featuredmedia":[{"embeddable":true,"href":"https:\/\/www.rjtc.lv\/index.php?rest_route=\/wp\/v2\/media\/182"}],"wp:attachment":[{"href":"https:\/\/www.rjtc.lv\/index.php?rest_route=%2Fwp%2Fv2%2Fmedia&parent=181"}],"curies":[{"name":"wp","href":"https:\/\/api.w.org\/{rel}","templated":true}]}}