{"id":178,"date":"2013-12-09T10:50:56","date_gmt":"2013-12-09T10:50:56","guid":{"rendered":"http:\/\/www.rjtc.lv\/?page_id=178"},"modified":"2025-11-27T08:26:34","modified_gmt":"2025-11-27T08:26:34","slug":"keramika","status":"publish","type":"page","link":"https:\/\/www.rjtc.lv\/?page_id=178","title":{"rendered":"Keramika"},"content":{"rendered":"<p>Skolot\u0101jas: <strong>&nbsp;Angelina Ov\u010darenko, Eva Liepi\u0146a<\/strong><\/p>\n<p>Keramikas pulci\u0146\u0101 b\u0113rniem un jaunie\u0161iem tiek pied\u0101v\u0101ta iesp\u0113ja izveidot&nbsp; skaistas un praktiskas lietas, \u201eatdz\u012bvin\u0101t&#8221; m\u0101lu, realiz\u0113t savas idejas.<\/p>\n<p>Pulci\u0146a audz\u0113k\u0146i izzina m\u0101la \u012bpa\u0161\u012bbas, iepaz\u012bstas ar kompoz\u012bcijas pamatiem, apg\u016bst keramikas tehnolo\u0123ijas un to pielieto\u0161anu rado\u0161aj\u0101 darb\u0101. Audz\u0113k\u0146i keramikas priek\u0161metu veido\u0161an\u0101 pielieto fakt\u016bru daudzveid\u012bbu, bet dekor\u0113\u0161an\u0101 izmanto t\u0101dus materi\u0101lus k\u0101 stiklu, met\u0101lu, koku u.c.<\/p>\n<p>Uz\u0146em dal\u012bbniekus no 3 &#8211; 18 gadiem.<\/p>\n<p><strong>Bauskas iela 88, 407.kabinets<\/strong><\/p>\n<p><a href=\"http:\/\/www.rjtc.lv\/wp-content\/uploads\/2013\/12\/keramika.jpg\"><img loading=\"lazy\" decoding=\"async\" src=\"http:\/\/www.rjtc.lv\/wp-content\/uploads\/2013\/12\/keramika-1024x724.jpg\" alt=\"keramika\" width=\"838\" height=\"592\"><\/a><\/p>\n<p>Pieteik\u0161an\u0101s nodarb\u012bb\u0101m \u2013 <strong>aovcarenko@edu.riga.lv, eliepina31@edu.riga.lv<\/strong><\/p>\n\n\n<p><\/p>\n","protected":false},"excerpt":{"rendered":"<p>Skolot\u0101jas: &nbsp;Angelina Ov\u010darenko, Eva Liepi\u0146a Keramikas pulci\u0146\u0101 b\u0113rniem un jaunie\u0161iem tiek pied\u0101v\u0101ta iesp\u0113ja izveidot&nbsp; skaistas un praktiskas lietas, \u201eatdz\u012bvin\u0101t&#8221; m\u0101lu, realiz\u0113t savas idejas. Pulci\u0146a audz\u0113k\u0146i izzina m\u0101la \u012bpa\u0161\u012bbas, iepaz\u012bstas ar kompoz\u012bcijas pamatiem, apg\u016bst keramikas tehnolo\u0123ijas un to pielieto\u0161anu rado\u0161aj\u0101 darb\u0101. Audz\u0113k\u0146i keramikas priek\u0161metu veido\u0161an\u0101 pielieto fakt\u016bru daudzveid\u012bbu, bet dekor\u0113\u0161an\u0101 izmanto t\u0101dus materi\u0101lus k\u0101 stiklu, met\u0101lu, [&hellip;]<\/p>\n","protected":false},"author":4,"featured_media":179,"parent":8,"menu_order":0,"comment_status":"closed","ping_status":"closed","template":"","meta":{"ngg_post_thumbnail":0,"footnotes":""},"class_list":["post-178","page","type-page","status-publish","has-post-thumbnail","hentry"],"_links":{"self":[{"href":"https:\/\/www.rjtc.lv\/index.php?rest_route=\/wp\/v2\/pages\/178","targetHints":{"allow":["GET"]}}],"collection":[{"href":"https:\/\/www.rjtc.lv\/index.php?rest_route=\/wp\/v2\/pages"}],"about":[{"href":"https:\/\/www.rjtc.lv\/index.php?rest_route=\/wp\/v2\/types\/page"}],"author":[{"embeddable":true,"href":"https:\/\/www.rjtc.lv\/index.php?rest_route=\/wp\/v2\/users\/4"}],"replies":[{"embeddable":true,"href":"https:\/\/www.rjtc.lv\/index.php?rest_route=%2Fwp%2Fv2%2Fcomments&post=178"}],"version-history":[{"count":0,"href":"https:\/\/www.rjtc.lv\/index.php?rest_route=\/wp\/v2\/pages\/178\/revisions"}],"up":[{"embeddable":true,"href":"https:\/\/www.rjtc.lv\/index.php?rest_route=\/wp\/v2\/pages\/8"}],"wp:featuredmedia":[{"embeddable":true,"href":"https:\/\/www.rjtc.lv\/index.php?rest_route=\/wp\/v2\/media\/179"}],"wp:attachment":[{"href":"https:\/\/www.rjtc.lv\/index.php?rest_route=%2Fwp%2Fv2%2Fmedia&parent=178"}],"curies":[{"name":"wp","href":"https:\/\/api.w.org\/{rel}","templated":true}]}}