{"id":15,"date":"2013-09-26T16:02:02","date_gmt":"2013-09-26T16:02:02","guid":{"rendered":"http:\/\/www.rjtc.lv\/?page_id=15"},"modified":"2023-01-13T14:16:51","modified_gmt":"2023-01-13T14:16:51","slug":"perlosana","status":"publish","type":"page","link":"https:\/\/www.rjtc.lv\/?page_id=15","title":{"rendered":"Netradicion\u0101lie rokdarbi"},"content":{"rendered":"<p align=\"left\"><span style=\"font-size: medium;\">Skolot\u0101ja: <strong>Dace Gaile<\/strong><\/span><\/p>\n<p align=\"left\"><span style=\"font-size: medium;\">Pulci\u0146a audz\u0113k\u0146i ieg\u016bst zin\u0101\u0161anas, prasmes un iema\u0146as p\u0113rl\u012b\u0161u v\u0113r\u0161an\u0101,&nbsp;izgatavo&nbsp; savus rado\u0161os darbus un m\u0101c\u0101s nov\u0113rt\u0113t ar\u012b citu pulci\u0146a audz\u0113k\u0146u veikumu. Dal\u012bbnieki piedal\u0101s da\u017e\u0101d\u0101s rado\u0161\u0101s darbn\u012bc\u0101s, skat\u0113s un izst\u0101d\u0113s.<\/span><\/p>\n<p align=\"left\"><span style=\"font-size: medium;\">Uz\u0146em dal\u012bbniekus no <strong>5 l\u012bdz 25 gadiem<\/strong>.<\/span><\/p>\n<p align=\"left\"><strong><span style=\"font-size: medium;\">Bauskas iela 88, 304. kabinets<\/span><\/strong><\/p>\n\n\n<figure class=\"wp-block-image size-full\"><a href=\"https:\/\/www.rjtc.lv\/wp-content\/uploads\/2023\/01\/perlosana.jpg\"><img loading=\"lazy\" decoding=\"async\" width=\"900\" height=\"216\" src=\"https:\/\/www.rjtc.lv\/wp-content\/uploads\/2023\/01\/perlosana.jpg\" alt=\"\" class=\"wp-image-6852\" srcset=\"https:\/\/www.rjtc.lv\/wp-content\/uploads\/2023\/01\/perlosana.jpg 900w, https:\/\/www.rjtc.lv\/wp-content\/uploads\/2023\/01\/perlosana-300x72.jpg 300w, https:\/\/www.rjtc.lv\/wp-content\/uploads\/2023\/01\/perlosana-768x184.jpg 768w\" sizes=\"auto, (max-width: 900px) 100vw, 900px\" \/><\/a><\/figure>\n","protected":false},"excerpt":{"rendered":"<p>Skolot\u0101ja: Dace Gaile Pulci\u0146a audz\u0113k\u0146i ieg\u016bst zin\u0101\u0161anas, prasmes un iema\u0146as p\u0113rl\u012b\u0161u v\u0113r\u0161an\u0101,&nbsp;izgatavo&nbsp; savus rado\u0161os darbus un m\u0101c\u0101s nov\u0113rt\u0113t ar\u012b citu pulci\u0146a audz\u0113k\u0146u veikumu. Dal\u012bbnieki piedal\u0101s da\u017e\u0101d\u0101s rado\u0161\u0101s darbn\u012bc\u0101s, skat\u0113s un izst\u0101d\u0113s. Uz\u0146em dal\u012bbniekus no 5 l\u012bdz 25 gadiem. Bauskas iela 88, 304. kabinets<\/p>\n","protected":false},"author":4,"featured_media":0,"parent":8,"menu_order":0,"comment_status":"closed","ping_status":"closed","template":"","meta":{"ngg_post_thumbnail":0,"footnotes":""},"class_list":["post-15","page","type-page","status-publish","hentry"],"_links":{"self":[{"href":"https:\/\/www.rjtc.lv\/index.php?rest_route=\/wp\/v2\/pages\/15","targetHints":{"allow":["GET"]}}],"collection":[{"href":"https:\/\/www.rjtc.lv\/index.php?rest_route=\/wp\/v2\/pages"}],"about":[{"href":"https:\/\/www.rjtc.lv\/index.php?rest_route=\/wp\/v2\/types\/page"}],"author":[{"embeddable":true,"href":"https:\/\/www.rjtc.lv\/index.php?rest_route=\/wp\/v2\/users\/4"}],"replies":[{"embeddable":true,"href":"https:\/\/www.rjtc.lv\/index.php?rest_route=%2Fwp%2Fv2%2Fcomments&post=15"}],"version-history":[{"count":0,"href":"https:\/\/www.rjtc.lv\/index.php?rest_route=\/wp\/v2\/pages\/15\/revisions"}],"up":[{"embeddable":true,"href":"https:\/\/www.rjtc.lv\/index.php?rest_route=\/wp\/v2\/pages\/8"}],"wp:attachment":[{"href":"https:\/\/www.rjtc.lv\/index.php?rest_route=%2Fwp%2Fv2%2Fmedia&parent=15"}],"curies":[{"name":"wp","href":"https:\/\/api.w.org\/{rel}","templated":true}]}}