{"id":11879,"date":"2026-04-10T15:19:24","date_gmt":"2026-04-10T15:19:24","guid":{"rendered":"https:\/\/www.rjtc.lv\/?page_id=11879"},"modified":"2026-04-10T15:19:24","modified_gmt":"2026-04-10T15:19:24","slug":"trauksmes-celsana","status":"publish","type":"page","link":"https:\/\/www.rjtc.lv\/?page_id=11879","title":{"rendered":"Trauksmes cel\u0161ana"},"content":{"rendered":"\n<p><strong>Trauksmes cel\u0161ana<\/strong>&nbsp;\u2013 iesp\u0113ja ikvienam veicin\u0101t likum\u012bgu, godpr\u0101t\u012bgu, atkl\u0101tu un p\u0101rredzamu iest\u0101des darb\u012bbu, izmantojot ties\u012bbas br\u012bvi paust savu viedokli.<\/p>\n\n\n\n<p><a href=\"https:\/\/likumi.lv\/ta\/id\/329680-trauksmes-celsanas-likums\" target=\"_blank\" rel=\"noreferrer noopener\">Trauksmes cel\u0161anas likums<\/a>&nbsp;pal\u012bdz Latvijas iedz\u012bvot\u0101jiem&nbsp;<strong>nov\u0113rst p\u0101rk\u0101pumus un kait\u0113jumu sabiedr\u012bbas interes\u0113m, vienlaikus aizsarg\u0101jot trauksmes c\u0113l\u0113jus no nelabv\u0113l\u012bg\u0101m sek\u0101m<\/strong>. No 2022. gada 4. febru\u0101ra Latvij\u0101 sp\u0113k\u0101 ir jauns Trauksmes cel\u0161anas likums, kas p\u0101r\u0146em&nbsp;<a href=\"https:\/\/eur-lex.europa.eu\/legal-content\/LV\/TXT\/PDF\/?uri=CELEX:32019L1937&amp;from=RO\" target=\"_blank\" rel=\"noreferrer noopener\">ES Trauksmes c\u0113l\u0113ju direkt\u012bvu<\/a>, pilnveidojot l\u012bdz\u0161in\u0113jo pieeju.<\/p>\n\n\n\n<p><strong>Trauksmes cel\u0161anas k\u0101rt\u012bba R\u012bgas pa\u0161vald\u012bb\u0101<a href=\"https:\/\/www.riga.lv\/lv\/trauksmes-celsana\" target=\"_blank\" rel=\"noreferrer noopener\"><\/a><\/strong><\/p>\n\n\n\n<p>R\u012bgas valstspils\u0113tas pa\u0161vald\u012bb\u0101 ar R\u012bgas pils\u0113tas izpilddirektora 30.05.2023. iek\u0161\u0113jiem noteikumiem Nr. RD-23-32-nti \u201cTrauksmes cel\u0161anas k\u0101rt\u012bba R\u012bgas valstspils\u0113tas pa\u0161vald\u012bb\u0101\u201d ir izveidota vienota centraliz\u0113ta trauksmes cel\u0161anas sist\u0113ma.<\/p>\n\n\n\n<p>Jaun\u0101 k\u0101rt\u012bba nodro\u0161ina gan pa\u0161vald\u012bbas darbiniekiem iesp\u0113ju zi\u0146ot iek\u0161\u0113ji, lai p\u0101rk\u0101pumus laic\u012bgi nov\u0113rstu, gan ikvienai personai iesp\u0113ju zi\u0146ot Pa\u0161vald\u012bbai k\u0101 kompetentajai instit\u016bcijai par p\u0101rk\u0101pumiem, kurus t\u0101 nov\u0113rojusi, veicot darba pien\u0101kumus, ja p\u0101rk\u0101pums skar sabiedr\u012bbas intereses.<br><br>Pa\u0161vald\u012bbas ofici\u0101l\u0101 t\u012bmek\u013cvietnes (<a href=\"http:\/\/www.riga.lv\/\" target=\"_blank\" rel=\"noreferrer noopener\"><strong>www.riga.lv<\/strong><\/a>) sada\u013ca &#8220;Trauksmes cel\u0161ana&#8221; (skat\u012bt:&nbsp;<a href=\"https:\/\/www.riga.lv\/lv\/trauksmes-celsana\" target=\"_blank\" rel=\"noreferrer noopener\"><strong>Trauksmes cel\u0161ana | R\u012bgas valstspils\u0113tas pa\u0161vald\u012bba<\/strong><\/a>).<br><br><strong>Trauksmes c\u0113l\u0113js iesniegumu, nor\u0101dot savu v\u0101rdu, uzv\u0101rdu, e-pasta vai pasta adresi un t\u0101lru\u0146a numuru, iesniedz Cilv\u0113kresursu p\u0101rvald\u0113 (turpm\u0101k tekst\u0101 P\u0101rvalde):<\/strong><\/p>\n\n\n\n<ul class=\"wp-block-list\">\n<li>nos\u016btot to uz speci\u0101li trauksmes c\u0113l\u0113ju zi\u0146ojumiem izveidotu e-pasta adresi:&nbsp;<a href=\"mailto:trauksme@riga.lv\" target=\"_blank\" rel=\"noreferrer noopener\"><strong>trauksme@riga.lv<\/strong><\/a>;<\/li>\n\n\n\n<li>ievietojot to R\u012bgas domes administrat\u012bv\u0101s \u0113kas R\u0101tslaukum\u0101 1, R\u012bg\u0101, vestibil\u0101 speci\u0101li trauksmes c\u0113l\u0113ju zi\u0146ojumiem izvietot\u0101 pastkast\u0113;<\/li>\n\n\n\n<li>nos\u016btot P\u0101rvaldei pa pastu (R\u012bgas valstspils\u0113tas pa\u0161vald\u012bbas Centr\u0101l\u0101s administr\u0101cijas Cilv\u0113kresursu p\u0101rvaldei R\u0101tslaukum\u0101 1, R\u012bg\u0101, LV-1050), uz aploksnes nor\u0101dot \u201cTrauksmes c\u0113l\u0113ja zi\u0146ojums\u201d;<\/li>\n\n\n\n<li>aizpildot trauksmes c\u0113l\u0113ja&nbsp;<a href=\"http:\/\/www.trauksmescelejs.lv\/\" target=\"_blank\" rel=\"noreferrer noopener\"><strong>www.trauksmescelejs.lv<\/strong><\/a>&nbsp;zi\u0146ojuma veidlapu (skat\u012bt:&nbsp;<a href=\"https:\/\/www.trauksmescelejs.lv\/iesniegt-trauksmes-celsanas-zinojumu\" target=\"_blank\" rel=\"noreferrer noopener\"><strong>Zi\u0146ojuma iesnieg\u0161ana | Trauksmescelejs.lv<\/strong><\/a>).<\/li>\n<\/ul>\n\n\n\n<p><strong>P\u0101rvalde nosaka sa\u0146emt\u0101 zi\u0146ojuma piekrit\u012bbu, ja t\u0101 izskat\u012b\u0161ana ir Pa\u0161vald\u012bbas kompetenc\u0113:<\/strong><\/p>\n\n\n\n<ul class=\"wp-block-list\">\n<li>P\u0101rvalde izv\u0113rt\u0113, vai tas atbilst trauksmes cel\u0161anas zi\u0146ojumam, un izskata iesniegumu vai nodod to izskat\u012b\u0161anai kompetent\u0101s Pa\u0161vald\u012bbas instit\u016bcijas darbiniekam,<\/li>\n\n\n\n<li>iesniedz\u0113js tiek inform\u0113ts, vai iesniegums atz\u012bts par trauksmes c\u0113l\u0113ja zi\u0146ojumu un kur tiks izskat\u012bts,<\/li>\n\n\n\n<li>2 m\u0113ne\u0161u termi\u0146\u0101 iesniedz\u0113js tiek inform\u0113ts par izskat\u012b\u0161anas rezult\u0101tu vai gaitu, ja izskat\u012b\u0161ana v\u0113l nav pabeigta. Par rezult\u0101tu inform\u0113 p\u0113c izskat\u012b\u0161anas pabeig\u0161anas,<\/li>\n\n\n\n<li>P\u0101rvalde seko l\u012bdz, lai iesniedz\u0113js tiek laic\u012bgi inform\u0113ts un apkopo inform\u0101ciju par izskat\u012b\u0161anas rezult\u0101tiem.<\/li>\n<\/ul>\n\n\n\n<p>Ja zi\u0146ojuma izskat\u012b\u0161ana nav Pa\u0161vald\u012bbas kompetenc\u0113, P\u0101rvalde to p\u0101rs\u016bta kompetentajai iest\u0101dei, par to inform\u0113jot iesniedz\u0113ju.<\/p>\n\n\n\n<p><strong>Ja personai ir \u0161aubas,<\/strong><\/p>\n\n\n\n<ul class=\"wp-block-list\">\n<li>vai par konkr\u0113tu p\u0101rk\u0101pumu var celt trauksmi (vai tas skar sabiedr\u012bbas, vai tikai atsevi\u0161\u0137u darbinieku intereses),<\/li>\n\n\n\n<li>vai par p\u0101rk\u0101pumu j\u0101zi\u0146o Pa\u0161vald\u012bbai, vai k\u0101dai no valsts iest\u0101d\u0113m,<\/li>\n\n\n\n<li>citi neskaidri jaut\u0101jumi,<\/li>\n<\/ul>\n\n\n\n<p>raksta uz&nbsp;<a href=\"mailto:trauksme@riga.lv\" target=\"_blank\" rel=\"noreferrer noopener\"><strong>trauksme@riga.lv<\/strong><\/a>, telefoniski sazin\u0101s ar kontaktperson\u0101m trauksmes cel\u0161anas jaut\u0101jumos \u2013 P\u0101rvaldes vec\u0101ko ekspertu Raiti Noru pa t\u0101lruni +37167012032 vai P\u0101rvaldes galveno juristi Andu Ozolu-Ma\u017ealu pa t\u0101lruni +37167026172, vai ar P\u0101rvaldi pa t\u0101lruni&nbsp; +37167105026, vai ar\u012b sazin\u0101s ar Valsts kanceleju (<a href=\"https:\/\/www.trauksmescelejs.lv\/kontakti\" target=\"_blank\" rel=\"noreferrer noopener\"><strong>https:\/\/www.trauksmescelejs.lv\/kontakti<\/strong><\/a>), kas ir trauksmes c\u0113l\u0113ju kontaktpunkts Latvij\u0101.<\/p>\n\n\n\n<p>R\u012bgas Jauno tehni\u0137u centra kontaktpersona trauksmes cel\u0161anas jaut\u0101jumos ir\u00a0RJTC direktores vietnieks <strong>Dins Bahs<\/strong><\/p>\n\n\n\n<p>Izsme\u013co\u0161a inform\u0101cija par trauksmes cel\u0161anu atrodama&nbsp;<a href=\"http:\/\/www.trauksmescelejs.lv\/\" target=\"_blank\" rel=\"noreferrer noopener\"><strong>www.trauksmescelejs.lv<\/strong><\/a>.<\/p>\n\n\n\n<p>Darba dev\u0113jam aizliegts rad\u012bt darbiniekam negat\u012bvas sekas t\u0101d\u0113\u013c, ka tas c\u0113lis trauksmi.<br><br>T\u012bmek\u013cvietn\u0113&nbsp;<a href=\"http:\/\/www.riga.lv\/\" target=\"_blank\" rel=\"noreferrer noopener\"><strong>www.riga.lv<\/strong><\/a>&nbsp;ir pieejama inform\u0101cija par personas datu apstr\u0101di saska\u0146\u0101 ar Eiropas Parlamenta un Padomes 2016. gada 27. apr\u012b\u013ca regulas (ES) 2016\/679 par fizisku personu aizsardz\u012bbu attiec\u012bb\u0101 uz personas datu apstr\u0101di un \u0161\u0101du datu br\u012bvu apriti un ar ko atce\u013c direkt\u012bvu 95\/46\/EK (Visp\u0101r\u012bg\u0101 datu aizsardz\u012bbas regula) 13. un 14. pantu (skat\u012bt:&nbsp;<a href=\"https:\/\/www.riga.lv\/lv\/rigas-valstspilsetas-pasvaldibas-personas-datu-aizsardzibas-politika\" target=\"_blank\" rel=\"noreferrer noopener\"><strong>R\u012bgas valstspils\u0113tas pa\u0161vald\u012bbas Personas datu aizsardz\u012bbas politika | R\u012bgas valstspils\u0113tas pa\u0161vald\u012bba<\/strong><\/a>).<\/p>\n","protected":false},"excerpt":{"rendered":"<p>Trauksmes cel\u0161ana&nbsp;\u2013 iesp\u0113ja ikvienam veicin\u0101t likum\u012bgu, godpr\u0101t\u012bgu, atkl\u0101tu un p\u0101rredzamu iest\u0101des darb\u012bbu, izmantojot ties\u012bbas br\u012bvi paust savu viedokli. Trauksmes cel\u0161anas likums&nbsp;pal\u012bdz Latvijas iedz\u012bvot\u0101jiem&nbsp;nov\u0113rst p\u0101rk\u0101pumus un kait\u0113jumu sabiedr\u012bbas interes\u0113m, vienlaikus aizsarg\u0101jot trauksmes c\u0113l\u0113jus no nelabv\u0113l\u012bg\u0101m sek\u0101m. No 2022. gada 4. febru\u0101ra Latvij\u0101 sp\u0113k\u0101 ir jauns Trauksmes cel\u0161anas likums, kas p\u0101r\u0146em&nbsp;ES Trauksmes c\u0113l\u0113ju direkt\u012bvu, pilnveidojot l\u012bdz\u0161in\u0113jo pieeju. [&hellip;]<\/p>\n","protected":false},"author":4,"featured_media":11878,"parent":265,"menu_order":0,"comment_status":"closed","ping_status":"closed","template":"","meta":{"ngg_post_thumbnail":0,"footnotes":""},"class_list":["post-11879","page","type-page","status-publish","has-post-thumbnail","hentry"],"_links":{"self":[{"href":"https:\/\/www.rjtc.lv\/index.php?rest_route=\/wp\/v2\/pages\/11879","targetHints":{"allow":["GET"]}}],"collection":[{"href":"https:\/\/www.rjtc.lv\/index.php?rest_route=\/wp\/v2\/pages"}],"about":[{"href":"https:\/\/www.rjtc.lv\/index.php?rest_route=\/wp\/v2\/types\/page"}],"author":[{"embeddable":true,"href":"https:\/\/www.rjtc.lv\/index.php?rest_route=\/wp\/v2\/users\/4"}],"replies":[{"embeddable":true,"href":"https:\/\/www.rjtc.lv\/index.php?rest_route=%2Fwp%2Fv2%2Fcomments&post=11879"}],"version-history":[{"count":2,"href":"https:\/\/www.rjtc.lv\/index.php?rest_route=\/wp\/v2\/pages\/11879\/revisions"}],"predecessor-version":[{"id":11908,"href":"https:\/\/www.rjtc.lv\/index.php?rest_route=\/wp\/v2\/pages\/11879\/revisions\/11908"}],"up":[{"embeddable":true,"href":"https:\/\/www.rjtc.lv\/index.php?rest_route=\/wp\/v2\/pages\/265"}],"wp:featuredmedia":[{"embeddable":true,"href":"https:\/\/www.rjtc.lv\/index.php?rest_route=\/wp\/v2\/media\/11878"}],"wp:attachment":[{"href":"https:\/\/www.rjtc.lv\/index.php?rest_route=%2Fwp%2Fv2%2Fmedia&parent=11879"}],"curies":[{"name":"wp","href":"https:\/\/api.w.org\/{rel}","templated":true}]}}