{"id":10761,"date":"2025-09-15T11:56:02","date_gmt":"2025-09-15T11:56:02","guid":{"rendered":"https:\/\/www.rjtc.lv\/?page_id=10761"},"modified":"2025-09-16T11:06:55","modified_gmt":"2025-09-16T11:06:55","slug":"jaunie-geologi","status":"publish","type":"page","link":"https:\/\/www.rjtc.lv\/?page_id=10761","title":{"rendered":"Jaunie \u0123eologi"},"content":{"rendered":"\n<p>Skolot\u0101ja:<strong> <strong>Marija Perfurova<\/strong><\/strong><\/p>\n\n\n\n<p>Pulci\u0146\u0161 &#8220;Jaunie \u0123eologi\u201d ir intere\u0161u izgl\u012bt\u012bbas pulci\u0146\u0161, kas saist\u012bts ar \u0123eolo\u0123ijas un dabaszin\u0101t\u0146u iepaz\u012b\u0161anu skol\u0113niem un jaunie\u0161iem.<\/p>\n\n\n\n<p>\u0160aj\u0101 pulci\u0146\u0101 dal\u012bbnieki m\u0101c\u0101s par:<\/p>\n\n\n\n<p><strong>Akmens un miner\u0101lu \u012bpa\u0161\u012bb\u0101m<\/strong> \u2013 k\u0101 tos atpaz\u012bt, noteikt un klasific\u0113t.<\/p>\n\n\n\n<p><strong>Zemes uzb\u016bvi un procesiem<\/strong> \u2013 vulk\u0101ni, pl\u016bdi, zemestr\u012bces, led\u0101ji u.c.<\/p>\n\n\n\n<p><strong>Dabas aizsardz\u012bbu un \u0123eolo\u0123iskajiem pieminek\u013ciem Latvij\u0101<\/strong> \u2013 piem\u0113ram, atsegumiem, al\u0101m, dolom\u012bta klint\u012bm.<\/p>\n\n\n\n<p>Uz\u0146em dal\u012bbniekus no <strong>7\u00a0&#8211; 25 gadiem<\/strong>.<\/p>\n\n\n\n<p>Nodarb\u012bbas notiek<strong> RJTC DS Latvijas Nacion\u0101lais dabas muzejs, K. Barona 4<\/strong><\/p>\n\n\n\n<p><strong>Ceturtdien\u0101s: 15.00 &#8211; 17.50<br><\/strong><br>Pieteik\u0161an\u0101s nodarb\u012bb\u0101m kl\u0101tien\u0113 nodarb\u012bbu laikos vai pa e pastu:\u00a0<strong>mariia24nikolova@gmail.com<\/strong><\/p>\n","protected":false},"excerpt":{"rendered":"<p>Skolot\u0101ja: Marija Perfurova Pulci\u0146\u0161 &#8220;Jaunie \u0123eologi\u201d ir intere\u0161u izgl\u012bt\u012bbas pulci\u0146\u0161, kas saist\u012bts ar \u0123eolo\u0123ijas un dabaszin\u0101t\u0146u iepaz\u012b\u0161anu skol\u0113niem un jaunie\u0161iem. \u0160aj\u0101 pulci\u0146\u0101 dal\u012bbnieki m\u0101c\u0101s par: Akmens un miner\u0101lu \u012bpa\u0161\u012bb\u0101m \u2013 k\u0101 tos atpaz\u012bt, noteikt un klasific\u0113t. Zemes uzb\u016bvi un procesiem \u2013 vulk\u0101ni, pl\u016bdi, zemestr\u012bces, led\u0101ji u.c. Dabas aizsardz\u012bbu un \u0123eolo\u0123iskajiem pieminek\u013ciem Latvij\u0101 \u2013 piem\u0113ram, atsegumiem, [&hellip;]<\/p>\n","protected":false},"author":4,"featured_media":0,"parent":4035,"menu_order":0,"comment_status":"closed","ping_status":"closed","template":"","meta":{"ngg_post_thumbnail":0,"footnotes":""},"class_list":["post-10761","page","type-page","status-publish","hentry"],"_links":{"self":[{"href":"https:\/\/www.rjtc.lv\/index.php?rest_route=\/wp\/v2\/pages\/10761","targetHints":{"allow":["GET"]}}],"collection":[{"href":"https:\/\/www.rjtc.lv\/index.php?rest_route=\/wp\/v2\/pages"}],"about":[{"href":"https:\/\/www.rjtc.lv\/index.php?rest_route=\/wp\/v2\/types\/page"}],"author":[{"embeddable":true,"href":"https:\/\/www.rjtc.lv\/index.php?rest_route=\/wp\/v2\/users\/4"}],"replies":[{"embeddable":true,"href":"https:\/\/www.rjtc.lv\/index.php?rest_route=%2Fwp%2Fv2%2Fcomments&post=10761"}],"version-history":[{"count":0,"href":"https:\/\/www.rjtc.lv\/index.php?rest_route=\/wp\/v2\/pages\/10761\/revisions"}],"up":[{"embeddable":true,"href":"https:\/\/www.rjtc.lv\/index.php?rest_route=\/wp\/v2\/pages\/4035"}],"wp:attachment":[{"href":"https:\/\/www.rjtc.lv\/index.php?rest_route=%2Fwp%2Fv2%2Fmedia&parent=10761"}],"curies":[{"name":"wp","href":"https:\/\/api.w.org\/{rel}","templated":true}]}}