{"id":10746,"date":"2025-09-15T10:18:18","date_gmt":"2025-09-15T10:18:18","guid":{"rendered":"https:\/\/www.rjtc.lv\/?page_id=10746"},"modified":"2026-02-25T13:59:05","modified_gmt":"2026-02-25T13:59:05","slug":"valsts-nozimes-centrs","status":"publish","type":"page","link":"https:\/\/www.rjtc.lv\/?page_id=10746","title":{"rendered":"Valsts Noz\u012bmes Centrs"},"content":{"rendered":"\n<p>2024. gada&nbsp; 1. septembr\u012b R\u012bgas Jauno tehni\u0137u centram ir pie\u0161\u0137irts valsts noz\u012bmes intere\u0161u izgl\u012bt\u012bbas iest\u0101des statuss. Statuss apliecina Centra sp\u0113ju nodro\u0161in\u0101t augstas kvalit\u0101tes izgl\u012bt\u012bbu, \u012bpa\u0161i uzsverot ieguld\u012bjumu STEAM (zin\u0101tne, tehnolo\u0123ijas, in\u017eenierzin\u0101tnes, m\u0101ksla un matem\u0101tika) jomu att\u012bst\u012bb\u0101.<\/p>\n\n\n\n<p>Centra STEAM intere\u0161u izgl\u012bt\u012bbas programmas pal\u012bdz b\u0113rniem un jaunie\u0161iem att\u012bst\u012bt tehnisk\u0101s un rado\u0161\u0101s prasmes, veicinot padzi\u013cin\u0101tu interesi par tehnolo\u0123ij\u0101m un zin\u0101tni. Ieg\u016btais statuss sniedz iesp\u0113ju ne tikai att\u012bst\u012bt jaunas un papla\u0161in\u0101t eso\u0161\u0101s izgl\u012bt\u012bbas programmas, bet ar\u012b izstr\u0101d\u0101t un \u012bstenot da\u017e\u0101dus izgl\u012btojo\u0161us projektus vis\u0101 Latvij\u0101.<\/p>\n\n\n\n<p>Esam gatavi dal\u012bties pieredz\u0113, organiz\u0113jot da\u017e\u0101das meistarklases un pedagogu profesion\u0101lo pilnveidi STEM jom\u0101.<\/p>\n\n\n\n<p><\/p>\n\n\n\n<p>No 2025.gada <strong>R\u012bgas valstspils\u0113tas pa\u0161vald\u012bbas Izgl\u012bt\u012bbas, kult\u016bras un sporta departaments (turpm\u0101k \u2013 Departaments) sadarb\u012bb\u0101 ar valsts noz\u012bmes intere\u0161u izgl\u012bt\u012bbas iest\u0101d\u0113m: R\u012bgas Jauno tehni\u0137u centru un R\u012bgas Tehnisk\u0101s jaunrades namu \u201cAnnas 2\u201d (turpm\u0101k \u2013 Centri) nodro\u0161in\u0101s vienotu intere\u0161u izgl\u012bt\u012bbas STEM (zin\u0101tnes, tehnolo\u0123iju, in\u017eenierzin\u0101t\u0146u un matem\u0101tikas) jomas metodisko vad\u012bbu R\u012bg\u0101.<\/strong><\/p>\n\n\n\n<p>\u0160\u012bs sadarb\u012bbas m\u0113r\u0137is ir att\u012bst\u012bt un vienoti koordin\u0113t STEM intere\u0161u izgl\u012bt\u012bbas jomu R\u012bg\u0101, papla\u0161inot STEM intere\u0161u izgl\u012bt\u012bbas programmu pied\u0101v\u0101jumu, veicinot R\u012bgas b\u0113rnu un jaunie\u0161u interesi un padzi\u013cin\u0101tas zin\u0101\u0161anas zin\u0101tnes, tehnolo\u0123iju, in\u017eenierzin\u0101t\u0146u un matem\u0101tikas (STEM) discipl\u012bn\u0101s, vienlaikus sniedzot metodisko atbalstu un profesion\u0101l\u0101s pilnveides iesp\u0113jas STEM jomas intere\u0161u izgl\u012bt\u012bbas pedagogiem.<\/p>\n\n\n\n<p>Pl\u0101notais atbalsts STEM jomas intere\u0161u izgl\u012bt\u012bbas pedagogiem ietver:<\/p>\n\n\n\n<ul class=\"wp-block-list\">\n<li>Vienotu metodisko vad\u012bbu STEM jom\u0101&nbsp;<em>(atbilsto\u0161i jomu sadal\u012bjumam nodro\u0161ina Valsts noz\u012bmes intere\u0161u izgl\u012bt\u012bbas iest\u0101des<\/em><\/li>\n\n\n\n<li>Atbalstu pedagogu profesion\u0101lajai pilnveidei<\/li>\n\n\n\n<li>Atbalstu STEM pas\u0101kumu \u012bsteno\u0161anai&nbsp;<\/li>\n\n\n\n<li>Centraliz\u0113tu informat\u012bvo atbalstu (vienots STEM jomas pas\u0101kumu kalend\u0101rs, STEM jomas aktivit\u0101tes)&nbsp;<\/li>\n<\/ul>\n\n\n\n<p>Centru STEM jomas izgl\u012bt\u012bbas metodi\u0137es turpm\u0101k, cie\u0161i sadarbojoties ar STEM jomas intere\u0161u izgl\u012bt\u012bbas pedagogiem, nodro\u0161in\u0101s metodisko atbalstu, veicinot savstarp\u0113jo sadarb\u012bbu, pieredzes apmai\u0146u un pal\u012bdzot pedagogiem efekt\u012bv\u0101k pl\u0101not un izmantot R\u012bg\u0101 pieejam\u0101s iesp\u0113jas.<\/p>\n\n\n\n<p><a href=\"https:\/\/www.rjtc.lv\/wp-content\/uploads\/2026\/02\/stem_pedagogu_profesionalas-pilnveides-programmas.pdf\">RVP IKSD ATBALST\u012aT\u0100S PROFESION\u0100L\u0100S KOMPETENCES PILNVEIDES PROGRAMMAS INTERE\u0160U IZGL\u012aT\u012aBAS PEDAGOGIEM 2026<\/a><\/p>\n\n\n\n<p><a href=\"https:\/\/www.rjtc.lv\/wp-content\/uploads\/2026\/02\/stem_konkursi_sacensibas-un-pasakumi.pdf\">RVP IKSD ATBALST\u012aTIE KONKURSI, SACENS\u012aBAS UN PAS\u0100KUMI 2026<\/a><\/p>\n\n\n\n<p>Aicin\u0101m STEM jomas intere\u0161u izgl\u012bt\u012bbas pedagogu kopienu akt\u012bvi iesaist\u012bties un izmantot rad\u012bt\u0101s iesp\u0113jas, lai kop\u012bgi stiprin\u0101tu un att\u012bst\u012btu STEM jomu izgl\u012bt\u012bb\u0101 R\u012bg\u0101!&nbsp;<\/p>\n\n\n\n<p><strong><mark style=\"background-color:rgba(0, 0, 0, 0)\" class=\"has-inline-color has-vivid-purple-color\">Departament\u0101 atbild\u012bg\u0101 par STEM jomas metodisko vad\u012bbu un koordin\u0113\u0161anu:<\/mark><\/strong><\/p>\n\n\n\n<figure class=\"wp-block-image size-full\"><a href=\"https:\/\/www.rjtc.lv\/wp-content\/uploads\/2025\/09\/I.S.Bobovica.jpg\"><img loading=\"lazy\" decoding=\"async\" width=\"242\" height=\"136\" src=\"https:\/\/www.rjtc.lv\/wp-content\/uploads\/2025\/09\/I.S.Bobovica.jpg\" alt=\"\" class=\"wp-image-10865\" srcset=\"https:\/\/www.rjtc.lv\/wp-content\/uploads\/2025\/09\/I.S.Bobovica.jpg 242w, https:\/\/www.rjtc.lv\/wp-content\/uploads\/2025\/09\/I.S.Bobovica-240x136.jpg 240w\" sizes=\"auto, (max-width: 242px) 100vw, 242px\" \/><\/a><\/figure>\n\n\n\n<p><strong>Inga Sidor\u010dika-Bobovi\u010da<\/strong><br>Sporta un jaunatnes p\u0101rvaldes Intere\u0161u un sporta izgl\u012bt\u012bbas noda\u013cas<br>Intere\u0161u izgl\u012bt\u012bbas programmu vad\u012bt\u0101ja<br>e-pasts: inga.sidorcika-bobovica@riga.lv<br>T\u0101lrunis: +371 67181429<\/p>\n\n\n\n<h5 class=\"wp-block-heading\"><strong><mark style=\"background-color:rgba(0, 0, 0, 0)\" class=\"has-inline-color has-vivid-purple-color\">METODI\u0136U KONTAKTI:<\/mark><\/strong><\/h5>\n\n\n\n<p><strong>R\u012bgas Jauno tehni\u0137u centra izgl\u012bt\u012bbas metodi\u0137e:<\/strong><\/p>\n\n\n\n<figure class=\"wp-block-image size-full\"><a href=\"https:\/\/www.rjtc.lv\/wp-content\/uploads\/2025\/09\/K.Micule.jpg\"><img loading=\"lazy\" decoding=\"async\" width=\"152\" height=\"149\" src=\"https:\/\/www.rjtc.lv\/wp-content\/uploads\/2025\/09\/K.Micule.jpg\" alt=\"\" class=\"wp-image-10864\" srcset=\"https:\/\/www.rjtc.lv\/wp-content\/uploads\/2025\/09\/K.Micule.jpg 152w, https:\/\/www.rjtc.lv\/wp-content\/uploads\/2025\/09\/K.Micule-60x60.jpg 60w\" sizes=\"auto, (max-width: 152px) 100vw, 152px\" \/><\/a><\/figure>\n\n\n\n<p><strong>Krist\u012bne Mi\u010dule<\/strong><\/p>\n\n\n\n<p>e-pasts:&nbsp;<a href=\"mailto:kmicule2@edu.riga.lv\">kmicule2@edu.riga.lv;<br><\/a>T\u0101lrunis: +371 29890132<\/p>\n\n\n\n<p>Atb. jomas:<br><em>In\u017eenierzin\u0101tne<\/em>,<em>&nbsp;Auto\/moto\/avio\/ra\u0137e\u0161u, \u016bdens transporta modelisms;<\/em><br><em>In\u017eenierzin\u0101tne, Konstru\u0113\u0161ana un tehnisk\u0101 model\u0113\u0161ana.<\/em><\/p>\n\n\n\n<figure class=\"wp-block-image size-full\"><a href=\"https:\/\/www.rjtc.lv\/wp-content\/uploads\/2026\/02\/Evija_Vizule_web_200px.jpg\"><img loading=\"lazy\" decoding=\"async\" width=\"200\" height=\"300\" src=\"https:\/\/www.rjtc.lv\/wp-content\/uploads\/2026\/02\/Evija_Vizule_web_200px.jpg\" alt=\"\" class=\"wp-image-11616\"\/><\/a><\/figure>\n\n\n\n<p>Evija Vizule<\/p>\n\n\n\n<p>e-pasts: evizule2@edu.riga.lv<\/p>\n\n\n\n<p>T\u0101lrunis:+371 26448474<\/p>\n\n\n\n<p><strong>R\u012bgas Tehnisk\u0101s jaunrades nama \u201cAnnas 2\u201d izgl\u012bt\u012bbas metodi\u0137e:<\/strong><\/p>\n\n\n\n<figure class=\"wp-block-image size-full\"><a href=\"https:\/\/www.rjtc.lv\/wp-content\/uploads\/2025\/09\/VNM-foto_Linda_tiny.jpg\"><img loading=\"lazy\" decoding=\"async\" width=\"150\" height=\"225\" src=\"https:\/\/www.rjtc.lv\/wp-content\/uploads\/2025\/09\/VNM-foto_Linda_tiny.jpg\" alt=\"\" class=\"wp-image-10875\"\/><\/a><\/figure>\n\n\n\n<p><strong>Linda \u010c\u016bdere<\/strong><\/p>\n\n\n\n<p>e-pasts:&nbsp;lcudere@edu.riga.lv<a href=\"mailto:kmicule2@edu.riga.lv\"><br><\/a>T\u0101lrunis: +371 <\/p>\n\n\n\n<p>Atb. jomas:<br><em>Tehnolo\u0123ijas, Datorika; <\/em><em>In\u017eenierzin\u0101tne, Konstru\u0113\u0161ana un tehnisk\u0101 model\u0113\u0161ana;<\/em><br><em>In\u017eenierzin\u0101tne, Mehatronika; <\/em><em>Tehnolo\u0123ijas, Rado\u0161\u0101s industrijas.<\/em><\/p>\n\n\n\n<p><\/p>\n\n\n\n<p><a href=\"https:\/\/www.intereses.lv\/rigas-valstspilsetas-pasvaldibas-atbalsts-stem-interesu-izglitibai\/\">Vair\u0101k inform\u0101cijas \u0161eit<\/a><\/p>\n\n\n\n<p><\/p>\n","protected":false},"excerpt":{"rendered":"<p>2024. gada&nbsp; 1. septembr\u012b R\u012bgas Jauno tehni\u0137u centram ir pie\u0161\u0137irts valsts noz\u012bmes intere\u0161u izgl\u012bt\u012bbas iest\u0101des statuss. Statuss apliecina Centra sp\u0113ju nodro\u0161in\u0101t augstas kvalit\u0101tes izgl\u012bt\u012bbu, \u012bpa\u0161i uzsverot ieguld\u012bjumu STEAM (zin\u0101tne, tehnolo\u0123ijas, in\u017eenierzin\u0101tnes, m\u0101ksla un matem\u0101tika) jomu att\u012bst\u012bb\u0101. Centra STEAM intere\u0161u izgl\u012bt\u012bbas programmas pal\u012bdz b\u0113rniem un jaunie\u0161iem att\u012bst\u012bt tehnisk\u0101s un rado\u0161\u0101s prasmes, veicinot padzi\u013cin\u0101tu interesi par tehnolo\u0123ij\u0101m [&hellip;]<\/p>\n","protected":false},"author":4,"featured_media":0,"parent":0,"menu_order":0,"comment_status":"closed","ping_status":"closed","template":"","meta":{"ngg_post_thumbnail":0,"footnotes":""},"class_list":["post-10746","page","type-page","status-publish","hentry"],"_links":{"self":[{"href":"https:\/\/www.rjtc.lv\/index.php?rest_route=\/wp\/v2\/pages\/10746","targetHints":{"allow":["GET"]}}],"collection":[{"href":"https:\/\/www.rjtc.lv\/index.php?rest_route=\/wp\/v2\/pages"}],"about":[{"href":"https:\/\/www.rjtc.lv\/index.php?rest_route=\/wp\/v2\/types\/page"}],"author":[{"embeddable":true,"href":"https:\/\/www.rjtc.lv\/index.php?rest_route=\/wp\/v2\/users\/4"}],"replies":[{"embeddable":true,"href":"https:\/\/www.rjtc.lv\/index.php?rest_route=%2Fwp%2Fv2%2Fcomments&post=10746"}],"version-history":[{"count":0,"href":"https:\/\/www.rjtc.lv\/index.php?rest_route=\/wp\/v2\/pages\/10746\/revisions"}],"wp:attachment":[{"href":"https:\/\/www.rjtc.lv\/index.php?rest_route=%2Fwp%2Fv2%2Fmedia&parent=10746"}],"curies":[{"name":"wp","href":"https:\/\/api.w.org\/{rel}","templated":true}]}}