{"id":10625,"date":"2025-09-05T09:29:42","date_gmt":"2025-09-05T09:29:42","guid":{"rendered":"https:\/\/www.rjtc.lv\/?page_id=10625"},"modified":"2025-10-08T08:29:13","modified_gmt":"2025-10-08T08:29:13","slug":"mazie-arhitekti","status":"publish","type":"page","link":"https:\/\/www.rjtc.lv\/?page_id=10625","title":{"rendered":"Mazie arhitekti"},"content":{"rendered":"\n<p>Skolot\u0101js: <strong>Evija Vizule<\/strong><\/p>\n\n\n\n<p>Pulci\u0146\u0161 &#8220;Mazais arhitekts&#8221; ir ide\u0101ls veids, k\u0101 iepaz\u012bstin\u0101t b\u0113rnus ar arhitekt\u016bru, b\u016bvniec\u012bbu un dizainu rado\u0161\u0101 un izgl\u012btojo\u0161\u0101 veid\u0101. \u0160\u012bs nodarb\u012bbas vi\u0146iem sniedz iesp\u0113ju att\u012bst\u012bt telpisko izt\u0113li, rado\u0161o dom\u0101\u0161anu un probl\u0113mu risin\u0101\u0161anas prasmes.<\/p>\n\n\n\n<figure class=\"wp-block-image size-large\"><a href=\"https:\/\/www.rjtc.lv\/wp-content\/uploads\/2025\/09\/Mazais-arhitekts-RJTC-3.jpg\"><img loading=\"lazy\" decoding=\"async\" width=\"724\" height=\"1024\" src=\"https:\/\/www.rjtc.lv\/wp-content\/uploads\/2025\/09\/Mazais-arhitekts-RJTC-3-724x1024.jpg\" alt=\"\" class=\"wp-image-10672\" srcset=\"https:\/\/www.rjtc.lv\/wp-content\/uploads\/2025\/09\/Mazais-arhitekts-RJTC-3-724x1024.jpg 724w, https:\/\/www.rjtc.lv\/wp-content\/uploads\/2025\/09\/Mazais-arhitekts-RJTC-3-212x300.jpg 212w, https:\/\/www.rjtc.lv\/wp-content\/uploads\/2025\/09\/Mazais-arhitekts-RJTC-3-768x1086.jpg 768w, https:\/\/www.rjtc.lv\/wp-content\/uploads\/2025\/09\/Mazais-arhitekts-RJTC-3-1086x1536.jpg 1086w, https:\/\/www.rjtc.lv\/wp-content\/uploads\/2025\/09\/Mazais-arhitekts-RJTC-3.jpg 1414w\" sizes=\"auto, (max-width: 724px) 100vw, 724px\" \/><\/a><\/figure>\n\n\n\n<p>Uz\u0146em dal\u012bbniekus no <strong>4&nbsp;&#8211; 6 gadiem<\/strong>.<\/p>\n\n\n\n<p>Nodarb\u012bbas notiek<strong> Bauskas iel\u0101 88, 209. kabinet\u0101<\/strong><\/p>\n\n\n\n<p><br>Pieteik\u0161an\u0101s nodarb\u012bb\u0101m kl\u0101tien\u0113 nodarb\u012bbu laikos vai pa e pastu:\u00a0<strong>evija.vizule@gmail.com<\/strong><\/p>\n","protected":false},"excerpt":{"rendered":"<p>Skolot\u0101js: Evija Vizule Pulci\u0146\u0161 &#8220;Mazais arhitekts&#8221; ir ide\u0101ls veids, k\u0101 iepaz\u012bstin\u0101t b\u0113rnus ar arhitekt\u016bru, b\u016bvniec\u012bbu un dizainu rado\u0161\u0101 un izgl\u012btojo\u0161\u0101 veid\u0101. \u0160\u012bs nodarb\u012bbas vi\u0146iem sniedz iesp\u0113ju att\u012bst\u012bt telpisko izt\u0113li, rado\u0161o dom\u0101\u0161anu un probl\u0113mu risin\u0101\u0161anas prasmes. Uz\u0146em dal\u012bbniekus no 4&nbsp;&#8211; 6 gadiem. Nodarb\u012bbas notiek Bauskas iel\u0101 88, 209. kabinet\u0101 Pieteik\u0161an\u0101s nodarb\u012bb\u0101m kl\u0101tien\u0113 nodarb\u012bbu laikos vai pa [&hellip;]<\/p>\n","protected":false},"author":4,"featured_media":0,"parent":282,"menu_order":0,"comment_status":"closed","ping_status":"closed","template":"","meta":{"ngg_post_thumbnail":0,"footnotes":""},"class_list":["post-10625","page","type-page","status-publish","hentry"],"_links":{"self":[{"href":"https:\/\/www.rjtc.lv\/index.php?rest_route=\/wp\/v2\/pages\/10625","targetHints":{"allow":["GET"]}}],"collection":[{"href":"https:\/\/www.rjtc.lv\/index.php?rest_route=\/wp\/v2\/pages"}],"about":[{"href":"https:\/\/www.rjtc.lv\/index.php?rest_route=\/wp\/v2\/types\/page"}],"author":[{"embeddable":true,"href":"https:\/\/www.rjtc.lv\/index.php?rest_route=\/wp\/v2\/users\/4"}],"replies":[{"embeddable":true,"href":"https:\/\/www.rjtc.lv\/index.php?rest_route=%2Fwp%2Fv2%2Fcomments&post=10625"}],"version-history":[{"count":0,"href":"https:\/\/www.rjtc.lv\/index.php?rest_route=\/wp\/v2\/pages\/10625\/revisions"}],"up":[{"embeddable":true,"href":"https:\/\/www.rjtc.lv\/index.php?rest_route=\/wp\/v2\/pages\/282"}],"wp:attachment":[{"href":"https:\/\/www.rjtc.lv\/index.php?rest_route=%2Fwp%2Fv2%2Fmedia&parent=10625"}],"curies":[{"name":"wp","href":"https:\/\/api.w.org\/{rel}","templated":true}]}}