{"id":10619,"date":"2025-09-05T09:23:01","date_gmt":"2025-09-05T09:23:01","guid":{"rendered":"https:\/\/www.rjtc.lv\/?page_id=10619"},"modified":"2025-09-08T09:22:25","modified_gmt":"2025-09-08T09:22:25","slug":"nakotnes-pilseta-makers-red-box","status":"publish","type":"page","link":"https:\/\/www.rjtc.lv\/?page_id=10619","title":{"rendered":"N\u0100KOTNES PILS\u0112TA (Maker&#8217;s Red Box)"},"content":{"rendered":"\n<p>Skolot\u0101js:\u00a0<strong>Filips J\u0101nis J\u0113germanis<\/strong><\/p>\n\n\n\n<p class=\"has-text-align-left\">N\u0101kotnes pils\u0113ta (Maker&#8217;s Red Box) ir izgl\u012btojo\u0161a aktivit\u0101te, kas b\u0113rniem pal\u012bdz att\u012bst\u012bt inov\u0101ciju, tehnolo\u0123ijas un rado\u0161\u0101s prasmes caur sp\u0113l\u0113m un praktiskiem projektiem. \u0160\u0101da veida pulci\u0146\u0161 ir popul\u0101rs b\u0113rniem un jaunie\u0161iem, jo tas apvieno m\u0101c\u012b\u0161anos ar jautr\u012bbu, \u013caujot b\u0113rniem ieg\u016bt praktiskas zin\u0101\u0161anas par izgudrojumiem, robotiku, programm\u0113\u0161anu un in\u017eenieriju, veidojot savas &#8220;n\u0101kotnes pils\u0113tas&#8221; un atrodot rado\u0161us risin\u0101jumus da\u017e\u0101d\u0101m probl\u0113m\u0101m.<\/p>\n\n\n\n<p>Maker&#8217;s Red Box parasti pied\u0101v\u0101 r\u012bkus, materi\u0101lus un uzdevumus, lai pal\u012bdz\u0113tu b\u0113rniem rad\u012bt un veidot. T\u0101 ir lieliska iesp\u0113ja b\u0113rniem apg\u016bt STEM jomas, izmantojot praktiskus uzdevumus.<\/p>\n\n\n\n<p>Uz\u0146em dal\u012bbniekus no&nbsp;<strong>7 \u2013 15 gadiem<\/strong><\/p>\n\n\n\n<p>Nodarb\u012bbas notiek<strong>&nbsp;Bauskas iel\u0101 88, 406.kabinet\u0101<\/strong><\/p>\n\n\n\n<figure class=\"wp-block-image size-large\"><a href=\"https:\/\/www.rjtc.lv\/wp-content\/uploads\/2025\/09\/Otrdienas-17.30-18.50-1_page-0001-scaled.jpg\"><img loading=\"lazy\" decoding=\"async\" width=\"1024\" height=\"724\" src=\"https:\/\/www.rjtc.lv\/wp-content\/uploads\/2025\/09\/Otrdienas-17.30-18.50-1_page-0001-1024x724.jpg\" alt=\"\" class=\"wp-image-10603\" srcset=\"https:\/\/www.rjtc.lv\/wp-content\/uploads\/2025\/09\/Otrdienas-17.30-18.50-1_page-0001-1024x724.jpg 1024w, https:\/\/www.rjtc.lv\/wp-content\/uploads\/2025\/09\/Otrdienas-17.30-18.50-1_page-0001-300x212.jpg 300w, https:\/\/www.rjtc.lv\/wp-content\/uploads\/2025\/09\/Otrdienas-17.30-18.50-1_page-0001-768x543.jpg 768w, https:\/\/www.rjtc.lv\/wp-content\/uploads\/2025\/09\/Otrdienas-17.30-18.50-1_page-0001-1536x1086.jpg 1536w, https:\/\/www.rjtc.lv\/wp-content\/uploads\/2025\/09\/Otrdienas-17.30-18.50-1_page-0001-2048x1448.jpg 2048w\" sizes=\"auto, (max-width: 1024px) 100vw, 1024px\" \/><\/a><\/figure>\n\n\n\n<p>Pieteik\u0161an\u0101s nodarb\u012bb\u0101m \u2013&nbsp;<strong>filips.jegermanis@gmail.com<\/strong><\/p>\n","protected":false},"excerpt":{"rendered":"<p>Skolot\u0101js:\u00a0Filips J\u0101nis J\u0113germanis N\u0101kotnes pils\u0113ta (Maker&#8217;s Red Box) ir izgl\u012btojo\u0161a aktivit\u0101te, kas b\u0113rniem pal\u012bdz att\u012bst\u012bt inov\u0101ciju, tehnolo\u0123ijas un rado\u0161\u0101s prasmes caur sp\u0113l\u0113m un praktiskiem projektiem. \u0160\u0101da veida pulci\u0146\u0161 ir popul\u0101rs b\u0113rniem un jaunie\u0161iem, jo tas apvieno m\u0101c\u012b\u0161anos ar jautr\u012bbu, \u013caujot b\u0113rniem ieg\u016bt praktiskas zin\u0101\u0161anas par izgudrojumiem, robotiku, programm\u0113\u0161anu un in\u017eenieriju, veidojot savas &#8220;n\u0101kotnes pils\u0113tas&#8221; un [&hellip;]<\/p>\n","protected":false},"author":4,"featured_media":10603,"parent":282,"menu_order":0,"comment_status":"closed","ping_status":"closed","template":"","meta":{"ngg_post_thumbnail":0,"footnotes":""},"class_list":["post-10619","page","type-page","status-publish","has-post-thumbnail","hentry"],"_links":{"self":[{"href":"https:\/\/www.rjtc.lv\/index.php?rest_route=\/wp\/v2\/pages\/10619","targetHints":{"allow":["GET"]}}],"collection":[{"href":"https:\/\/www.rjtc.lv\/index.php?rest_route=\/wp\/v2\/pages"}],"about":[{"href":"https:\/\/www.rjtc.lv\/index.php?rest_route=\/wp\/v2\/types\/page"}],"author":[{"embeddable":true,"href":"https:\/\/www.rjtc.lv\/index.php?rest_route=\/wp\/v2\/users\/4"}],"replies":[{"embeddable":true,"href":"https:\/\/www.rjtc.lv\/index.php?rest_route=%2Fwp%2Fv2%2Fcomments&post=10619"}],"version-history":[{"count":0,"href":"https:\/\/www.rjtc.lv\/index.php?rest_route=\/wp\/v2\/pages\/10619\/revisions"}],"up":[{"embeddable":true,"href":"https:\/\/www.rjtc.lv\/index.php?rest_route=\/wp\/v2\/pages\/282"}],"wp:featuredmedia":[{"embeddable":true,"href":"https:\/\/www.rjtc.lv\/index.php?rest_route=\/wp\/v2\/media\/10603"}],"wp:attachment":[{"href":"https:\/\/www.rjtc.lv\/index.php?rest_route=%2Fwp%2Fv2%2Fmedia&parent=10619"}],"curies":[{"name":"wp","href":"https:\/\/api.w.org\/{rel}","templated":true}]}}