{"id":10613,"date":"2025-09-05T09:19:31","date_gmt":"2025-09-05T09:19:31","guid":{"rendered":"https:\/\/www.rjtc.lv\/?page_id=10613"},"modified":"2025-09-08T08:54:54","modified_gmt":"2025-09-08T08:54:54","slug":"spelu-grafiskais-dizains-blender","status":"publish","type":"page","link":"https:\/\/www.rjtc.lv\/?page_id=10613","title":{"rendered":"Sp\u0113\u013cu grafiskais dizains (Blender)"},"content":{"rendered":"\n<p>Skolot\u0101js: <strong>Filips J\u0101nis J\u0113germanis<\/strong><\/p>\n\n\n\n<p>Blender \u2014 popul\u0101ra un interesanta 3D anim\u0101cijas un model\u0113\u0161anas programma, kas tiek izmantota gan profesion\u0101liem m\u0101ksliniekiem, gan hobijiem. Blender pied\u0101v\u0101 daudz da\u017e\u0101du r\u012bku, kas \u013cauj veidot 3D mode\u013cus, anim\u0101cijas, vizualiz\u0101cijas, k\u0101 ar\u012b sp\u0113\u013cu izstr\u0101di, video mont\u0101\u017eu, un v\u0113l daudz ko citu.<\/p>\n\n\n\n<p>Uz\u0146em dal\u012bbniekus no&nbsp;<strong>7 \u2013 15 gadiem<\/strong><\/p>\n\n\n\n<p>Nodarb\u012bbas notiek<strong>&nbsp;Bauskas iel\u0101 88, 406.kabinet\u0101<\/strong><\/p>\n\n\n\n<figure class=\"wp-block-image size-large\"><a href=\"https:\/\/www.rjtc.lv\/wp-content\/uploads\/2025\/09\/Otrdienas-16.00-17.20_page-0001-scaled.jpg\"><img loading=\"lazy\" decoding=\"async\" width=\"1024\" height=\"724\" src=\"https:\/\/www.rjtc.lv\/wp-content\/uploads\/2025\/09\/Otrdienas-16.00-17.20_page-0001-1024x724.jpg\" alt=\"\" class=\"wp-image-10604\" srcset=\"https:\/\/www.rjtc.lv\/wp-content\/uploads\/2025\/09\/Otrdienas-16.00-17.20_page-0001-1024x724.jpg 1024w, https:\/\/www.rjtc.lv\/wp-content\/uploads\/2025\/09\/Otrdienas-16.00-17.20_page-0001-300x212.jpg 300w, https:\/\/www.rjtc.lv\/wp-content\/uploads\/2025\/09\/Otrdienas-16.00-17.20_page-0001-768x543.jpg 768w, https:\/\/www.rjtc.lv\/wp-content\/uploads\/2025\/09\/Otrdienas-16.00-17.20_page-0001-1536x1086.jpg 1536w, https:\/\/www.rjtc.lv\/wp-content\/uploads\/2025\/09\/Otrdienas-16.00-17.20_page-0001-2048x1448.jpg 2048w\" sizes=\"auto, (max-width: 1024px) 100vw, 1024px\" \/><\/a><\/figure>\n\n\n\n<p>Pieteik\u0161an\u0101s nodarb\u012bb\u0101m \u2013&nbsp;<strong>filips.jegermanis@gmail.com<\/strong><\/p>\n","protected":false},"excerpt":{"rendered":"<p>Skolot\u0101js: Filips J\u0101nis J\u0113germanis Blender \u2014 popul\u0101ra un interesanta 3D anim\u0101cijas un model\u0113\u0161anas programma, kas tiek izmantota gan profesion\u0101liem m\u0101ksliniekiem, gan hobijiem. Blender pied\u0101v\u0101 daudz da\u017e\u0101du r\u012bku, kas \u013cauj veidot 3D mode\u013cus, anim\u0101cijas, vizualiz\u0101cijas, k\u0101 ar\u012b sp\u0113\u013cu izstr\u0101di, video mont\u0101\u017eu, un v\u0113l daudz ko citu. Uz\u0146em dal\u012bbniekus no&nbsp;7 \u2013 15 gadiem Nodarb\u012bbas notiek&nbsp;Bauskas iel\u0101 88, [&hellip;]<\/p>\n","protected":false},"author":4,"featured_media":10604,"parent":282,"menu_order":0,"comment_status":"closed","ping_status":"closed","template":"","meta":{"ngg_post_thumbnail":0,"footnotes":""},"class_list":["post-10613","page","type-page","status-publish","has-post-thumbnail","hentry"],"_links":{"self":[{"href":"https:\/\/www.rjtc.lv\/index.php?rest_route=\/wp\/v2\/pages\/10613","targetHints":{"allow":["GET"]}}],"collection":[{"href":"https:\/\/www.rjtc.lv\/index.php?rest_route=\/wp\/v2\/pages"}],"about":[{"href":"https:\/\/www.rjtc.lv\/index.php?rest_route=\/wp\/v2\/types\/page"}],"author":[{"embeddable":true,"href":"https:\/\/www.rjtc.lv\/index.php?rest_route=\/wp\/v2\/users\/4"}],"replies":[{"embeddable":true,"href":"https:\/\/www.rjtc.lv\/index.php?rest_route=%2Fwp%2Fv2%2Fcomments&post=10613"}],"version-history":[{"count":0,"href":"https:\/\/www.rjtc.lv\/index.php?rest_route=\/wp\/v2\/pages\/10613\/revisions"}],"up":[{"embeddable":true,"href":"https:\/\/www.rjtc.lv\/index.php?rest_route=\/wp\/v2\/pages\/282"}],"wp:featuredmedia":[{"embeddable":true,"href":"https:\/\/www.rjtc.lv\/index.php?rest_route=\/wp\/v2\/media\/10604"}],"wp:attachment":[{"href":"https:\/\/www.rjtc.lv\/index.php?rest_route=%2Fwp%2Fv2%2Fmedia&parent=10613"}],"curies":[{"name":"wp","href":"https:\/\/api.w.org\/{rel}","templated":true}]}}