{"id":10606,"date":"2025-09-05T09:14:21","date_gmt":"2025-09-05T09:14:21","guid":{"rendered":"https:\/\/www.rjtc.lv\/?page_id=10606"},"modified":"2025-09-08T09:52:39","modified_gmt":"2025-09-08T09:52:39","slug":"koka-inerces-auto-modelesana","status":"publish","type":"page","link":"https:\/\/www.rjtc.lv\/?page_id=10606","title":{"rendered":"Koka inerces auto model\u0113\u0161ana"},"content":{"rendered":"\n<p>Skolot\u0101js: <strong>Agris Kir\u0161teins<\/strong><\/p>\n\n\n\n<p>Pulci\u0146\u0161 &#8220;Koka inerces auto model\u0113\u0161ana&#8221; ir rado\u0161a un izgl\u012btojo\u0161a aktivit\u0101te, kur b\u0113rni m\u0101c\u0101s veidot un test\u0113t auto, kas darbojas, izmantojot inerces sp\u0113ku. \u0160\u0101ds pulci\u0146\u0161 ir ide\u0101ls, lai att\u012bst\u012btu meh\u0101nisk\u0101s prasmes, rado\u0161umu, un izpratni par fizikas likumiem, it \u012bpa\u0161i par sp\u0113kiem un ener\u0123iju, kas ietekm\u0113 kust\u012bbu.<\/p>\n\n\n\n<p>Uz\u0146em dal\u012bbniekus no <strong>7\u00a0&#8211; 25 gadiem<\/strong>.<\/p>\n\n\n\n<p>Nodarb\u012bbas notiek<strong> Bauskas iel\u0101 88, 308. kabinet\u0101<\/strong><\/p>\n\n\n\n<p><strong>Pirmdien\u0101s: 15.00 &#8211; 17.05 un 17.15 &#8211; 19.20<\/strong><br>Pieteik\u0161an\u0101s nodarb\u012bb\u0101m kl\u0101tien\u0113 nodarb\u012bbu laikos vai pa e pastu:\u00a0<strong>hobijs@inbox.lv<\/strong><\/p>\n\n\n\n<p><\/p>\n","protected":false},"excerpt":{"rendered":"<p>Skolot\u0101js: Agris Kir\u0161teins Pulci\u0146\u0161 &#8220;Koka inerces auto model\u0113\u0161ana&#8221; ir rado\u0161a un izgl\u012btojo\u0161a aktivit\u0101te, kur b\u0113rni m\u0101c\u0101s veidot un test\u0113t auto, kas darbojas, izmantojot inerces sp\u0113ku. \u0160\u0101ds pulci\u0146\u0161 ir ide\u0101ls, lai att\u012bst\u012btu meh\u0101nisk\u0101s prasmes, rado\u0161umu, un izpratni par fizikas likumiem, it \u012bpa\u0161i par sp\u0113kiem un ener\u0123iju, kas ietekm\u0113 kust\u012bbu. Uz\u0146em dal\u012bbniekus no 7\u00a0&#8211; 25 gadiem. Nodarb\u012bbas [&hellip;]<\/p>\n","protected":false},"author":4,"featured_media":0,"parent":282,"menu_order":0,"comment_status":"closed","ping_status":"closed","template":"","meta":{"ngg_post_thumbnail":0,"footnotes":""},"class_list":["post-10606","page","type-page","status-publish","hentry"],"_links":{"self":[{"href":"https:\/\/www.rjtc.lv\/index.php?rest_route=\/wp\/v2\/pages\/10606","targetHints":{"allow":["GET"]}}],"collection":[{"href":"https:\/\/www.rjtc.lv\/index.php?rest_route=\/wp\/v2\/pages"}],"about":[{"href":"https:\/\/www.rjtc.lv\/index.php?rest_route=\/wp\/v2\/types\/page"}],"author":[{"embeddable":true,"href":"https:\/\/www.rjtc.lv\/index.php?rest_route=\/wp\/v2\/users\/4"}],"replies":[{"embeddable":true,"href":"https:\/\/www.rjtc.lv\/index.php?rest_route=%2Fwp%2Fv2%2Fcomments&post=10606"}],"version-history":[{"count":0,"href":"https:\/\/www.rjtc.lv\/index.php?rest_route=\/wp\/v2\/pages\/10606\/revisions"}],"up":[{"embeddable":true,"href":"https:\/\/www.rjtc.lv\/index.php?rest_route=\/wp\/v2\/pages\/282"}],"wp:attachment":[{"href":"https:\/\/www.rjtc.lv\/index.php?rest_route=%2Fwp%2Fv2%2Fmedia&parent=10606"}],"curies":[{"name":"wp","href":"https:\/\/api.w.org\/{rel}","templated":true}]}}