{"id":10,"date":"2013-09-24T15:07:16","date_gmt":"2013-09-24T15:07:16","guid":{"rendered":"http:\/\/www.rjtc.lv\/?page_id=10"},"modified":"2024-09-16T12:08:07","modified_gmt":"2024-09-16T12:08:07","slug":"datorgrafika","status":"publish","type":"page","link":"https:\/\/www.rjtc.lv\/?page_id=10","title":{"rendered":"Datorgrafika"},"content":{"rendered":"<p align=\"left\">Skolot\u0101ja:&nbsp;<strong>Maija Biteniece<\/strong><\/p>\n<p style=\"margin: 0cm; line-height: 19.5pt; background: white; vertical-align: baseline;\"><span style=\"font-family: 'Open Sans',sans-serif; color: #333333;\">Datorgrafika ir viena no svar\u012bg\u0101k\u0101m nozar\u0113m inform\u0101cijas tehnolo\u0123iju jom\u0101m m\u016bsdien\u0101s, jo t\u0101 atbild par vizu\u0101l\u0101s inform\u0101cijas att\u0113lo\u0161anu lietot\u0101jam.&nbsp;&nbsp;<\/span><\/p>\n<p style=\"margin: 0cm; line-height: 19.5pt; background: white; vertical-align: baseline;\"><span style=\"font-family: 'Open Sans',sans-serif; color: #333333;\">&nbsp;<\/span><\/p>\n<p style=\"margin: 0cm; line-height: 19.5pt; background: white; vertical-align: baseline;\"><span style=\"font-family: 'Open Sans',sans-serif; color: #333333;\">Datorgrafikas pulci\u0146\u0101 audz\u0113k\u0146iem ir iesp\u0113ja apg\u016bt daudzveid\u012bgus digit\u0101los medijus un realiz\u0113t savas rado\u0161\u0101s idejas digit\u0101l\u0101 form\u0101t\u0101. M\u0101c\u012bbu laik\u0101 tiek apg\u016btas da\u017e\u0101das datorgrafikas programmas, att\u0113la kompoz\u012bcija, kr\u0101su m\u0101c\u012bba, dizaina rad\u012b\u0161anas pamatprincipi. Tiek veidotas foto kol\u0101\u017eas, tekstu\u0101li salikumi, ilustr\u0101cijas, komiksi un anim\u0101cijas. <\/span><\/p>\n<p style=\"margin: 0cm; line-height: 19.5pt; background: white; vertical-align: baseline;\"><span style=\"font-family: 'Open Sans',sans-serif; color: #333333;\">&nbsp;<\/span><\/p>\n<p style=\"margin: 0cm; line-height: 19.5pt; background: white; vertical-align: baseline;\"><span style=\"font-family: 'Open Sans',sans-serif; color: #333333;\">Audz\u0113k\u0146i att\u012bsta prasmi veidot un v\u0113rt\u0113t datorgrafikas darbus, k\u0101 ar\u012b apg\u016bst inform\u0101cijas un komunik\u0101cijas tehnolo\u0123iju pamatj\u0113dzienus.&nbsp;<\/span><\/p>\n<p style=\"margin: 0cm; line-height: 19.5pt; background: white; vertical-align: baseline;\"><span style=\"font-family: 'Open Sans',sans-serif; color: #333333;\">&nbsp;<\/span><\/p>\n<p style=\"margin: 0cm; line-height: 19.5pt; background: white; vertical-align: baseline;\"><span style=\"font-family: 'Open Sans',sans-serif; color: #333333;\">Datorgrafikas audz\u0113k\u0146i g\u016bst individu\u0101lu pieredzi piedaloties da\u017e\u0101dos vizu\u0101l\u0101s m\u0101kslas un datorgrafikas konkursos ar iev\u0113rojamiem pan\u0101kumiem.<\/span><\/p>\n\n\n<p>Pulci\u0146\u0101 uz\u0146em dal\u012bbniekus no&nbsp;<strong>7 \u2013 25 gadiem<\/strong><\/p>\n\n\n\n<p>Nodarb\u012bbas notiek<strong>&nbsp;Bauskas iel\u0101 88, 410.kabinet\u0101<\/strong><\/p>\n\n\n\n<p>Pieteik\u0161an\u0101s nodarb\u012bb\u0101m \u2013&nbsp;<strong>mbiteniece@edu.riga.lv<\/strong><\/p>\n","protected":false},"excerpt":{"rendered":"<p>Skolot\u0101ja:&nbsp;Maija Biteniece Datorgrafika ir viena no svar\u012bg\u0101k\u0101m nozar\u0113m inform\u0101cijas tehnolo\u0123iju jom\u0101m m\u016bsdien\u0101s, jo t\u0101 atbild par vizu\u0101l\u0101s inform\u0101cijas att\u0113lo\u0161anu lietot\u0101jam.&nbsp;&nbsp; &nbsp; Datorgrafikas pulci\u0146\u0101 audz\u0113k\u0146iem ir iesp\u0113ja apg\u016bt daudzveid\u012bgus digit\u0101los medijus un realiz\u0113t savas rado\u0161\u0101s idejas digit\u0101l\u0101 form\u0101t\u0101. M\u0101c\u012bbu laik\u0101 tiek apg\u016btas da\u017e\u0101das datorgrafikas programmas, att\u0113la kompoz\u012bcija, kr\u0101su m\u0101c\u012bba, dizaina rad\u012b\u0161anas pamatprincipi. Tiek veidotas foto kol\u0101\u017eas, [&hellip;]<\/p>\n","protected":false},"author":4,"featured_media":7763,"parent":8,"menu_order":0,"comment_status":"closed","ping_status":"closed","template":"","meta":{"ngg_post_thumbnail":0,"footnotes":""},"class_list":["post-10","page","type-page","status-publish","has-post-thumbnail","hentry"],"_links":{"self":[{"href":"https:\/\/www.rjtc.lv\/index.php?rest_route=\/wp\/v2\/pages\/10","targetHints":{"allow":["GET"]}}],"collection":[{"href":"https:\/\/www.rjtc.lv\/index.php?rest_route=\/wp\/v2\/pages"}],"about":[{"href":"https:\/\/www.rjtc.lv\/index.php?rest_route=\/wp\/v2\/types\/page"}],"author":[{"embeddable":true,"href":"https:\/\/www.rjtc.lv\/index.php?rest_route=\/wp\/v2\/users\/4"}],"replies":[{"embeddable":true,"href":"https:\/\/www.rjtc.lv\/index.php?rest_route=%2Fwp%2Fv2%2Fcomments&post=10"}],"version-history":[{"count":0,"href":"https:\/\/www.rjtc.lv\/index.php?rest_route=\/wp\/v2\/pages\/10\/revisions"}],"up":[{"embeddable":true,"href":"https:\/\/www.rjtc.lv\/index.php?rest_route=\/wp\/v2\/pages\/8"}],"wp:featuredmedia":[{"embeddable":true,"href":"https:\/\/www.rjtc.lv\/index.php?rest_route=\/wp\/v2\/media\/7763"}],"wp:attachment":[{"href":"https:\/\/www.rjtc.lv\/index.php?rest_route=%2Fwp%2Fv2%2Fmedia&parent=10"}],"curies":[{"name":"wp","href":"https:\/\/api.w.org\/{rel}","templated":true}]}}